{"id":71861,"date":"2025-02-18T16:28:47","date_gmt":"2025-02-18T16:28:47","guid":{"rendered":"https:\/\/canadagold.ca\/?page_id=71861"},"modified":"2025-05-21T23:08:58","modified_gmt":"2025-05-22T03:08:58","slug":"best-gold-prices-canada-guarantee","status":"publish","type":"page","link":"https:\/\/canadagold.ca\/fr\/about-canada-gold\/best-gold-prices-canada-guarantee\/","title":{"rendered":"Garantie du meilleur prix"},"content":{"rendered":"<p>[et_pb_section fb_built=&#8221;1&#8243; custom_padding_last_edited=&#8221;on|desktop&#8221; admin_label=&#8221;Section&#8221; _builder_version=&#8221;4.27.4&#8243; _module_preset=&#8221;default&#8221; background_color=&#8221;#032340&#8243; height_tablet=&#8221;&#8221; height_phone=&#8221;&#8221; height_last_edited=&#8221;on|desktop&#8221; custom_padding=&#8221;9px||4px||false|false&#8221; custom_padding_tablet=&#8221;9px||4px||false|false&#8221; custom_padding_phone=&#8221;9px||4px||false|false&#8221; border_color_bottom=&#8221;#D2AE74&#8243; saved_tabs=&#8221;all&#8221; locked=&#8221;off&#8221; collapsed=&#8221;off&#8221; global_colors_info=&#8221;{}&#8221;][et_pb_row make_equal=&#8221;on&#8221; _builder_version=&#8221;4.27.4&#8243; _module_preset=&#8221;default&#8221; custom_padding=&#8221;0px||0px||false|false&#8221; custom_css_main_element=&#8221;display:flex;&#8221; global_colors_info=&#8221;{}&#8221;][et_pb_column type=&#8221;4_4&#8243; _builder_version=&#8221;4.27.4&#8243; _module_preset=&#8221;default&#8221; custom_css_main_element=&#8221;display:flex;||flex-direction:column;||justify-content: center;&#8221; global_colors_info=&#8221;{}&#8221;][et_pb_text _builder_version=&#8221;4.27.4&#8243; _dynamic_attributes=&#8221;content&#8221; _module_preset=&#8221;default&#8221; header_font=&#8221;|&#8211;et_global_heading_font_weight||on|||||&#8221; header_text_align=&#8221;center&#8221; header_text_color=&#8221;#FFFFFF&#8221; header_font_size=&#8221;38px&#8221; custom_css_free_form=&#8221;.selector h1 {||  font-weight:400!important;||}&#8221; global_colors_info=&#8221;{}&#8221;]@ET-DC@eyJkeW5hbWljIjp0cnVlLCJjb250ZW50IjoicG9zdF90aXRsZSIsInNldHRpbmdzIjp7ImJlZm9yZSI6IjxoMT4iLCJhZnRlciI6IjwvaDE+In19@[\/et_pb_text][\/et_pb_column][\/et_pb_row][\/et_pb_section][et_pb_section fb_built=&#8221;1&#8243; _builder_version=&#8221;4.27.4&#8243; _module_preset=&#8221;default&#8221; custom_margin=&#8221;||20px||false|false&#8221; custom_padding=&#8221;0px||0px||false|false&#8221; global_module=&#8221;151&#8243; saved_tabs=&#8221;all&#8221; locked=&#8221;on&#8221; global_colors_info=&#8221;{}&#8221;][et_pb_row _builder_version=&#8221;4.27.4&#8243; _module_preset=&#8221;default&#8221; max_width=&#8221;1280px&#8221; custom_padding=&#8221;20px||20px||true|false&#8221; global_colors_info=&#8221;{}&#8221;][et_pb_column type=&#8221;4_4&#8243; _builder_version=&#8221;4.27.4&#8243; _module_preset=&#8221;default&#8221; global_colors_info=&#8221;{}&#8221;][et_pb_text _builder_version=&#8221;4.27.4&#8243; _module_preset=&#8221;default&#8221; text_font=&#8221;|&#8211;et_global_body_font_weight||on|||||&#8221; text_text_color=&#8221;#0E3E63&#8243; text_font_size=&#8221;14px&#8221; link_font=&#8221;|||on|||||&#8221; link_text_color=&#8221;#000000&#8243; global_colors_info=&#8221;{}&#8221;]<\/p>\n<div data-plaintext=\"true\" data-pm-slice=\"1 1 [&quot;codeblock&quot;,{&quot;style&quot;:null,&quot;codeblock&quot;:true,&quot;textAlign&quot;:null,&quot;syntaxLanguage&quot;:null,&quot;lineWrapping&quot;:false}]\" data-en-clipboard=\"true\"><span><span><a href=\"https:\/\/canadagold.ca\/\">Home<\/a><\/span><\/span><\/div>\n<p>[\/et_pb_text][\/et_pb_column][\/et_pb_row][\/et_pb_section][et_pb_section fb_built=&#8221;1&#8243; _builder_version=&#8221;4.27.4&#8243; _module_preset=&#8221;default&#8221; custom_padding=&#8221;0px||||false|false&#8221; global_colors_info=&#8221;{}&#8221;][et_pb_row _builder_version=&#8221;4.27.4&#8243; _module_preset=&#8221;default&#8221; max_width=&#8221;1280px&#8221; custom_padding=&#8221;0px||0px||false|false&#8221; global_colors_info=&#8221;{}&#8221;][et_pb_column type=&#8221;4_4&#8243; _builder_version=&#8221;4.27.4&#8243; _module_preset=&#8221;default&#8221; global_colors_info=&#8221;{}&#8221;][et_pb_text _builder_version=&#8221;4.27.4&#8243; _module_preset=&#8221;default&#8221; custom_margin=&#8221;||10px||false|false&#8221; global_colors_info=&#8221;{}&#8221;]<\/p>\n<h2>We\u2019ll Beat Any Competitor\u2019s Written Estimates<\/h2>\n<p>[\/et_pb_text][\/et_pb_column][\/et_pb_row][et_pb_row column_structure=&#8221;1_2,1_2&#8243; _builder_version=&#8221;4.27.4&#8243; _module_preset=&#8221;default&#8221; max_width=&#8221;1280px&#8221; custom_padding=&#8221;20px||||false|false&#8221; global_colors_info=&#8221;{}&#8221;][et_pb_column type=&#8221;1_2&#8243; _builder_version=&#8221;4.27.4&#8243; _module_preset=&#8221;default&#8221; global_colors_info=&#8221;{}&#8221;][et_pb_text _builder_version=&#8221;4.27.4&#8243; _module_preset=&#8221;default&#8221; text_text_color=&#8221;#000000&#8243; header_3_line_height=&#8221;1.2em&#8221; global_colors_info=&#8221;{}&#8221;]<\/p>\n<p>At Canada Gold, we are so confident in our offers to buy your <strong><em>gold, silver and platinum jewellery<\/em><\/strong> that if you get a higher offer on the scrap precious metal value from a competitor on the same day you visit our store, we\u2019ll beat it.<\/p>\n<p>We can \u2013 and will \u2013 beat any competitor\u2019s written estimates. Simply present a written offer you obtained on the same day and we&#8217;ll beat it by <em><strong>20% of the difference<\/strong><\/em>.<\/p>\n<p>Keep in mind that many Canadian gold buyers use high prices to lure customers in. In reality, they charge fees and commissions or underpay on the karat to make a profit. Always be sure to read the fine print.<\/p>\n<p>[\/et_pb_text][\/et_pb_column][et_pb_column type=&#8221;1_2&#8243; _builder_version=&#8221;4.27.4&#8243; _module_preset=&#8221;default&#8221; global_colors_info=&#8221;{}&#8221;][et_pb_text _builder_version=&#8221;4.27.4&#8243; _module_preset=&#8221;default&#8221; text_font=&#8221;|600|||||||&#8221; text_text_color=&#8221;#000000&#8243; custom_margin=&#8221;||0px||false|false&#8221; global_colors_info=&#8221;{}&#8221;]<\/p>\n<p style=\"text-align: center;\">We&#8217;ll beat any competitor&#8217;s written estimate by<\/p>\n<p>[\/et_pb_text][dipi_text_highlighter text_highlighter_text=&#8221;20% OF THE DIFFERENCE&#8221; highlight_shape=&#8221;circle_1&#8243; text_wrapper_tag=&#8221;h5&#8243; highlight_animation_repeat_mode=&#8221;definite&#8221; highlight_animation_repeat_counts=&#8221;1&#8243; stroke_color=&#8221;#ff0000&#8243; _builder_version=&#8221;4.27.4&#8243; _module_preset=&#8221;default&#8221; all_text_font=&#8221;|700|||||||&#8221; all_text_text_align=&#8221;center&#8221; all_text_text_color=&#8221;#0E3E63&#8243; all_text_font_size=&#8221;70px&#8221; custom_padding=&#8221;20px||||false|false&#8221; all_text_font_size_tablet=&#8221;70px&#8221; all_text_font_size_phone=&#8221;70px&#8221; all_text_font_size_last_edited=&#8221;on|desktop&#8221; global_colors_info=&#8221;{}&#8221;][\/dipi_text_highlighter][\/et_pb_column][\/et_pb_row][et_pb_row _builder_version=&#8221;4.27.4&#8243; _module_preset=&#8221;default&#8221; max_width=&#8221;1280px&#8221; custom_padding=&#8221;||0px||false|false&#8221; border_width_top=&#8221;1px&#8221; border_color_top=&#8221;#032340&#8243; border_width_right=&#8221;1px&#8221; border_color_right=&#8221;#032340&#8243; border_width_left=&#8221;1px&#8221; border_color_left=&#8221;#032340&#8243; global_colors_info=&#8221;{}&#8221;][et_pb_column type=&#8221;4_4&#8243; _builder_version=&#8221;4.27.4&#8243; _module_preset=&#8221;default&#8221; global_colors_info=&#8221;{}&#8221;][et_pb_text _builder_version=&#8221;4.27.4&#8243; _module_preset=&#8221;default&#8221; header_3_font_size=&#8221;1.7rem&#8221; custom_margin=&#8221;||10px||false|false&#8221; global_colors_info=&#8221;{}&#8221;]<\/p>\n<h3 style=\"text-align: center;\">Best Gold Prices Canada Has to Offer<\/h3>\n<p>[\/et_pb_text][\/et_pb_column][\/et_pb_row][et_pb_row column_structure=&#8221;1_2,1_2&#8243; _builder_version=&#8221;4.27.4&#8243; _module_preset=&#8221;default&#8221; max_width=&#8221;1280px&#8221; custom_padding=&#8221;|30px|50px|30px|false|false&#8221; border_width_right=&#8221;1px&#8221; border_color_right=&#8221;#032340&#8243; border_width_bottom=&#8221;1px&#8221; border_color_bottom=&#8221;#032340&#8243; border_width_left=&#8221;1px&#8221; border_color_left=&#8221;#032340&#8243; global_colors_info=&#8221;{}&#8221;][et_pb_column type=&#8221;1_2&#8243; _builder_version=&#8221;4.27.4&#8243; _module_preset=&#8221;default&#8221; global_colors_info=&#8221;{}&#8221;][et_pb_blurb title=&#8221;MUST BE A WRITTEN OFFER&#8221; use_icon=&#8221;on&#8221; font_icon=&#8221;&#x6a;||divi||400&#8243; icon_color=&#8221;#0E3E63&#8243; _builder_version=&#8221;4.27.4&#8243; _module_preset=&#8221;default&#8221; header_level=&#8221;h3&#8243; global_colors_info=&#8221;{}&#8221;]<\/p>\n<p>You must present a written offer to purchase jewellery from a recognized gold buyer in the same city dated the same day you come to our store. Gold prices fluctuate daily, so an offer from a week prior may no longer be valid or enforceable.<\/p>\n<p>[\/et_pb_blurb][\/et_pb_column][et_pb_column type=&#8221;1_2&#8243; _builder_version=&#8221;4.27.4&#8243; _module_preset=&#8221;default&#8221; global_colors_info=&#8221;{}&#8221;][et_pb_blurb title=&#8221;SUBJECT TO OUR TESTING&#8221; use_icon=&#8221;on&#8221; font_icon=&#8221;&#xf492;||fa||900&#8243; icon_color=&#8221;#0E3E63&#8243; _builder_version=&#8221;4.27.4&#8243; _module_preset=&#8221;default&#8221; header_level=&#8221;h3&#8243; header_font=&#8221;Poppins||||||||&#8221; global_colors_info=&#8221;{}&#8221;]<\/p>\n<p>The offer is subject to our own testing and the store manager\u2019s discretion. If the other gold buyer made a mistake in identifying the karat of a piece for example, we would not beat that price.<\/p>\n<p>[\/et_pb_blurb][\/et_pb_column][\/et_pb_row][\/et_pb_section]<\/p>\n","protected":false},"excerpt":{"rendered":"<p><span><span><a href=\"https:\/\/canadagold.ca\/\">Home<\/a><\/span><\/span>We\u2019ll Beat Any Competitor\u2019s Written EstimatesAt Canada Gold, we are so confident in our offers to buy your gold, silver and platinum jewellery that if you get a higher offer on the scrap precious metal value from a competitor on the same day you visit our store, we\u2019ll beat it. We can \u2013 and will [&hellip;]<\/p>\n","protected":false},"author":1,"featured_media":0,"parent":71853,"menu_order":0,"comment_status":"closed","ping_status":"closed","template":"","meta":{"_acf_changed":false,"_et_pb_use_builder":"on","_et_pb_old_content":"","_et_gb_content_width":"","footnotes":""},"class_list":["post-71861","page","type-page","status-publish","hentry"],"acf":[],"yoast_head":"<!-- This site is optimized with the Yoast SEO plugin v27.3 - https:\/\/yoast.com\/product\/yoast-seo-wordpress\/ -->\n<title>Selling Gold or Silver? Get Our Best Price Guarantee - Canada Gold<\/title>\n<meta name=\"description\" content=\"Want to make sure you&#039;re getting the best price for your precious metals? CanadaGold offers a best price guarantee on same day written offers!\" \/>\n<meta name=\"robots\" content=\"index, follow, max-snippet:-1, max-image-preview:large, max-video-preview:-1\" \/>\n<link rel=\"canonical\" href=\"https:\/\/canadagold.ca\/fr\/about-canada-gold\/best-gold-prices-canada-guarantee\/\" \/>\n<meta property=\"og:locale\" content=\"fr_CA\" \/>\n<meta property=\"og:type\" content=\"article\" \/>\n<meta property=\"og:title\" content=\"Selling Gold or Silver? Get Our Best Price Guarantee - Canada Gold\" \/>\n<meta property=\"og:description\" content=\"Want to make sure you&#039;re getting the best price for your precious metals? CanadaGold offers a best price guarantee on same day written offers!\" \/>\n<meta property=\"og:url\" content=\"https:\/\/canadagold.ca\/fr\/about-canada-gold\/best-gold-prices-canada-guarantee\/\" \/>\n<meta property=\"og:site_name\" content=\"Canada Gold\" \/>\n<meta property=\"article:publisher\" content=\"https:\/\/www.facebook.com\/CanadaGoldBBB\" \/>\n<meta property=\"article:modified_time\" content=\"2025-05-22T03:08:58+00:00\" \/>\n<meta name=\"twitter:card\" content=\"summary_large_image\" \/>\n<meta name=\"twitter:site\" content=\"@CanadaGoldBBB\" \/>\n<meta name=\"twitter:label1\" content=\"Estimation du temps de lecture\" \/>\n\t<meta name=\"twitter:data1\" content=\"2 minutes\" \/>\n<script type=\"application\/ld+json\" class=\"yoast-schema-graph\">{\"@context\":\"https:\\\/\\\/schema.org\",\"@graph\":[{\"@type\":\"WebPage\",\"@id\":\"https:\\\/\\\/canadagold.ca\\\/about-canada-gold\\\/best-gold-prices-canada-guarantee\\\/\",\"url\":\"https:\\\/\\\/canadagold.ca\\\/about-canada-gold\\\/best-gold-prices-canada-guarantee\\\/\",\"name\":\"Selling Gold or Silver? Get Our Best Price Guarantee - Canada Gold\",\"isPartOf\":{\"@id\":\"https:\\\/\\\/canadagold.ca\\\/#website\"},\"datePublished\":\"2025-02-18T16:28:47+00:00\",\"dateModified\":\"2025-05-22T03:08:58+00:00\",\"description\":\"Want to make sure you're getting the best price for your precious metals? CanadaGold offers a best price guarantee on same day written offers!\",\"breadcrumb\":{\"@id\":\"https:\\\/\\\/canadagold.ca\\\/about-canada-gold\\\/best-gold-prices-canada-guarantee\\\/#breadcrumb\"},\"inLanguage\":\"fr-CA\",\"potentialAction\":[{\"@type\":\"ReadAction\",\"target\":[\"https:\\\/\\\/canadagold.ca\\\/about-canada-gold\\\/best-gold-prices-canada-guarantee\\\/\"]}]},{\"@type\":\"BreadcrumbList\",\"@id\":\"https:\\\/\\\/canadagold.ca\\\/about-canada-gold\\\/best-gold-prices-canada-guarantee\\\/#breadcrumb\",\"itemListElement\":[{\"@type\":\"ListItem\",\"position\":1,\"name\":\"Home\",\"item\":\"https:\\\/\\\/canadagold.ca\\\/\"},{\"@type\":\"ListItem\",\"position\":2,\"name\":\"About Canada Gold\",\"item\":\"https:\\\/\\\/canadagold.ca\\\/about-canada-gold\\\/\"},{\"@type\":\"ListItem\",\"position\":3,\"name\":\"Best Price Guarantee\"}]},{\"@type\":\"WebSite\",\"@id\":\"https:\\\/\\\/canadagold.ca\\\/#website\",\"url\":\"https:\\\/\\\/canadagold.ca\\\/\",\"name\":\"Canada Gold\",\"description\":\"Canada Gold\",\"publisher\":{\"@id\":\"https:\\\/\\\/canadagold.ca\\\/#organization\"},\"potentialAction\":[{\"@type\":\"SearchAction\",\"target\":{\"@type\":\"EntryPoint\",\"urlTemplate\":\"https:\\\/\\\/canadagold.ca\\\/?s={search_term_string}\"},\"query-input\":{\"@type\":\"PropertyValueSpecification\",\"valueRequired\":true,\"valueName\":\"search_term_string\"}}],\"inLanguage\":\"fr-CA\"},{\"@type\":\"Organization\",\"@id\":\"https:\\\/\\\/canadagold.ca\\\/#organization\",\"name\":\"Canada Gold\",\"url\":\"https:\\\/\\\/canadagold.ca\\\/\",\"logo\":{\"@type\":\"ImageObject\",\"inLanguage\":\"fr-CA\",\"@id\":\"https:\\\/\\\/canadagold.ca\\\/#\\\/schema\\\/logo\\\/image\\\/\",\"url\":\"https:\\\/\\\/canadagold.ca\\\/wp-content\\\/uploads\\\/2025\\\/01\\\/cropped-favicon.png\",\"contentUrl\":\"https:\\\/\\\/canadagold.ca\\\/wp-content\\\/uploads\\\/2025\\\/01\\\/cropped-favicon.png\",\"width\":512,\"height\":512,\"caption\":\"Canada Gold\"},\"image\":{\"@id\":\"https:\\\/\\\/canadagold.ca\\\/#\\\/schema\\\/logo\\\/image\\\/\"},\"sameAs\":[\"https:\\\/\\\/www.facebook.com\\\/CanadaGoldBBB\",\"https:\\\/\\\/x.com\\\/CanadaGoldBBB\",\"https:\\\/\\\/www.instagram.com\\\/canadagold.ca\\\/\"]}]}<\/script>\n<!-- \/ Yoast SEO plugin. -->","yoast_head_json":{"title":"Vous vendez de l'or ou de l'argent ? Obtenez notre garantie du meilleur prix - Canada Gold","description":"Vous voulez vous assurer d'obtenir le meilleur prix pour vos m\u00e9taux pr\u00e9cieux ? CanadaGold offre une garantie du meilleur prix sur les offres \u00e9crites du m\u00eame jour !","robots":{"index":"index","follow":"follow","max-snippet":"max-snippet:-1","max-image-preview":"max-image-preview:large","max-video-preview":"max-video-preview:-1"},"canonical":"https:\/\/canadagold.ca\/fr\/about-canada-gold\/best-gold-prices-canada-guarantee\/","og_locale":"fr_CA","og_type":"article","og_title":"Selling Gold or Silver? Get Our Best Price Guarantee - Canada Gold","og_description":"Want to make sure you're getting the best price for your precious metals? CanadaGold offers a best price guarantee on same day written offers!","og_url":"https:\/\/canadagold.ca\/fr\/about-canada-gold\/best-gold-prices-canada-guarantee\/","og_site_name":"Canada Gold","article_publisher":"https:\/\/www.facebook.com\/CanadaGoldBBB","article_modified_time":"2025-05-22T03:08:58+00:00","twitter_card":"summary_large_image","twitter_site":"@CanadaGoldBBB","twitter_misc":{"Estimation du temps de lecture":"2 minutes"},"schema":{"@context":"https:\/\/schema.org","@graph":[{"@type":"WebPage","@id":"https:\/\/canadagold.ca\/about-canada-gold\/best-gold-prices-canada-guarantee\/","url":"https:\/\/canadagold.ca\/about-canada-gold\/best-gold-prices-canada-guarantee\/","name":"Vous vendez de l'or ou de l'argent ? Obtenez notre garantie du meilleur prix - Canada Gold","isPartOf":{"@id":"https:\/\/canadagold.ca\/#website"},"datePublished":"2025-02-18T16:28:47+00:00","dateModified":"2025-05-22T03:08:58+00:00","description":"Vous voulez vous assurer d'obtenir le meilleur prix pour vos m\u00e9taux pr\u00e9cieux ? CanadaGold offre une garantie du meilleur prix sur les offres \u00e9crites du m\u00eame jour !","breadcrumb":{"@id":"https:\/\/canadagold.ca\/about-canada-gold\/best-gold-prices-canada-guarantee\/#breadcrumb"},"inLanguage":"fr-CA","potentialAction":[{"@type":"ReadAction","target":["https:\/\/canadagold.ca\/about-canada-gold\/best-gold-prices-canada-guarantee\/"]}]},{"@type":"BreadcrumbList","@id":"https:\/\/canadagold.ca\/about-canada-gold\/best-gold-prices-canada-guarantee\/#breadcrumb","itemListElement":[{"@type":"ListItem","position":1,"name":"Home","item":"https:\/\/canadagold.ca\/"},{"@type":"ListItem","position":2,"name":"About Canada Gold","item":"https:\/\/canadagold.ca\/about-canada-gold\/"},{"@type":"ListItem","position":3,"name":"Best Price Guarantee"}]},{"@type":"WebSite","@id":"https:\/\/canadagold.ca\/#website","url":"https:\/\/canadagold.ca\/","name":"Or du Canada","description":"Or du Canada","publisher":{"@id":"https:\/\/canadagold.ca\/#organization"},"potentialAction":[{"@type":"SearchAction","target":{"@type":"EntryPoint","urlTemplate":"https:\/\/canadagold.ca\/?s={search_term_string}"},"query-input":{"@type":"PropertyValueSpecification","valueRequired":true,"valueName":"search_term_string"}}],"inLanguage":"fr-CA"},{"@type":"Organization","@id":"https:\/\/canadagold.ca\/#organization","name":"Or du Canada","url":"https:\/\/canadagold.ca\/","logo":{"@type":"ImageObject","inLanguage":"fr-CA","@id":"https:\/\/canadagold.ca\/#\/schema\/logo\/image\/","url":"https:\/\/canadagold.ca\/wp-content\/uploads\/2025\/01\/cropped-favicon.png","contentUrl":"https:\/\/canadagold.ca\/wp-content\/uploads\/2025\/01\/cropped-favicon.png","width":512,"height":512,"caption":"Canada Gold"},"image":{"@id":"https:\/\/canadagold.ca\/#\/schema\/logo\/image\/"},"sameAs":["https:\/\/www.facebook.com\/CanadaGoldBBB","https:\/\/x.com\/CanadaGoldBBB","https:\/\/www.instagram.com\/canadagold.ca\/"]}]}},"_links":{"self":[{"href":"https:\/\/canadagold.ca\/fr\/wp-json\/wp\/v2\/pages\/71861","targetHints":{"allow":["GET"]}}],"collection":[{"href":"https:\/\/canadagold.ca\/fr\/wp-json\/wp\/v2\/pages"}],"about":[{"href":"https:\/\/canadagold.ca\/fr\/wp-json\/wp\/v2\/types\/page"}],"author":[{"embeddable":true,"href":"https:\/\/canadagold.ca\/fr\/wp-json\/wp\/v2\/users\/1"}],"replies":[{"embeddable":true,"href":"https:\/\/canadagold.ca\/fr\/wp-json\/wp\/v2\/comments?post=71861"}],"version-history":[{"count":0,"href":"https:\/\/canadagold.ca\/fr\/wp-json\/wp\/v2\/pages\/71861\/revisions"}],"up":[{"embeddable":true,"href":"https:\/\/canadagold.ca\/fr\/wp-json\/wp\/v2\/pages\/71853"}],"wp:attachment":[{"href":"https:\/\/canadagold.ca\/fr\/wp-json\/wp\/v2\/media?parent=71861"}],"curies":[{"name":"wp","href":"https:\/\/api.w.org\/{rel}","templated":true}]}}