{"id":72656,"date":"2025-02-28T18:54:09","date_gmt":"2025-02-28T18:54:09","guid":{"rendered":"https:\/\/canadagold.ca\/?page_id=72656"},"modified":"2025-11-25T17:47:46","modified_gmt":"2025-11-25T22:47:46","slug":"uk-and-british-silver-hallmarks-a-complete-guide","status":"publish","type":"page","link":"https:\/\/canadagold.ca\/fr\/resources\/uk-and-british-silver-hallmarks-a-complete-guide\/","title":{"rendered":"Guide des poin\u00e7ons d'argent du Royaume-Uni"},"content":{"rendered":"<p>[et_pb_section fb_built=&#8221;1&#8243; custom_padding_last_edited=&#8221;on|desktop&#8221; admin_label=&#8221;Section&#8221; _builder_version=&#8221;4.27.4&#8243; _module_preset=&#8221;default&#8221; background_color=&#8221;#032340&#8243; height_tablet=&#8221;&#8221; height_phone=&#8221;&#8221; height_last_edited=&#8221;on|desktop&#8221; custom_padding=&#8221;9px||4px||false|false&#8221; custom_padding_tablet=&#8221;9px||4px||false|false&#8221; custom_padding_phone=&#8221;9px||4px||false|false&#8221; border_color_bottom=&#8221;#D2AE74&#8243; global_module=&#8221;73382&#8243; saved_tabs=&#8221;all&#8221; locked=&#8221;off&#8221; collapsed=&#8221;off&#8221; global_colors_info=&#8221;{}&#8221;][et_pb_row make_equal=&#8221;on&#8221; _builder_version=&#8221;4.27.4&#8243; _module_preset=&#8221;default&#8221; custom_padding=&#8221;0px||0px||false|false&#8221; custom_css_main_element=&#8221;display:flex;&#8221; global_colors_info=&#8221;{}&#8221;][et_pb_column type=&#8221;4_4&#8243; _builder_version=&#8221;4.27.4&#8243; _module_preset=&#8221;default&#8221; custom_css_main_element=&#8221;display:flex;||flex-direction:column;||justify-content: center;&#8221; global_colors_info=&#8221;{}&#8221;][et_pb_text _builder_version=&#8221;4.27.4&#8243; _dynamic_attributes=&#8221;content&#8221; _module_preset=&#8221;default&#8221; header_font=&#8221;|&#8211;et_global_heading_font_weight||on|||||&#8221; header_text_align=&#8221;center&#8221; header_text_color=&#8221;#FFFFFF&#8221; header_font_size=&#8221;38px&#8221; custom_css_free_form=&#8221;.selector h1 {||  font-weight:400!important;||}&#8221; global_colors_info=&#8221;{}&#8221;]@ET-DC@eyJkeW5hbWljIjp0cnVlLCJjb250ZW50IjoicG9zdF90aXRsZSIsInNldHRpbmdzIjp7ImJlZm9yZSI6IjxoMT4iLCJhZnRlciI6IjwvaDE+In19@[\/et_pb_text][\/et_pb_column][\/et_pb_row][\/et_pb_section][et_pb_section fb_built=&#8221;1&#8243; admin_label=&#8221;Section&#8221; _builder_version=&#8221;4.27.4&#8243; _module_preset=&#8221;default&#8221; custom_margin=&#8221;||20px||false|false&#8221; custom_padding=&#8221;0px||0px||false|false&#8221; global_module=&#8221;151&#8243; saved_tabs=&#8221;all&#8221; locked=&#8221;off&#8221; collapsed=&#8221;off&#8221; global_colors_info=&#8221;{}&#8221;][et_pb_row _builder_version=&#8221;4.27.4&#8243; _module_preset=&#8221;default&#8221; max_width=&#8221;1280px&#8221; custom_padding=&#8221;20px||20px||true|false&#8221; global_colors_info=&#8221;{}&#8221;][et_pb_column type=&#8221;4_4&#8243; _builder_version=&#8221;4.27.4&#8243; _module_preset=&#8221;default&#8221; global_colors_info=&#8221;{}&#8221;][et_pb_text admin_label=&#8221;Text&#8221; _builder_version=&#8221;4.27.4&#8243; _module_preset=&#8221;default&#8221; text_font=&#8221;|&#8211;et_global_body_font_weight||on|||||&#8221; text_text_color=&#8221;#0E3E63&#8243; text_font_size=&#8221;14px&#8221; link_font=&#8221;|||on|||||&#8221; link_text_color=&#8221;#000000&#8243; global_colors_info=&#8221;{}&#8221;]<\/p>\n<div data-plaintext=\"true\" data-pm-slice=\"1 1 [&quot;codeblock&quot;,{&quot;style&quot;:null,&quot;codeblock&quot;:true,&quot;textAlign&quot;:null,&quot;syntaxLanguage&quot;:null,&quot;lineWrapping&quot;:false}]\" data-en-clipboard=\"true\"><span><span><a href=\"https:\/\/canadagold.ca\/\">Home<\/a><\/span><\/span><\/div>\n<p>[\/et_pb_text][\/et_pb_column][\/et_pb_row][\/et_pb_section][et_pb_section fb_built=&#8221;1&#8243; _builder_version=&#8221;4.27.4&#8243; _module_preset=&#8221;default&#8221; custom_padding=&#8221;0px||||false|false&#8221; global_colors_info=&#8221;{}&#8221;][et_pb_row _builder_version=&#8221;4.27.4&#8243; _module_preset=&#8221;default&#8221; max_width=&#8221;1280px&#8221; custom_padding=&#8221;0px||0px||false|false&#8221; global_colors_info=&#8221;{}&#8221;][et_pb_column type=&#8221;4_4&#8243; _builder_version=&#8221;4.27.4&#8243; _module_preset=&#8221;default&#8221; global_colors_info=&#8221;{}&#8221;][et_pb_text _builder_version=&#8221;4.27.4&#8243; _module_preset=&#8221;default&#8221; custom_margin=&#8221;||10px||false|false&#8221; global_colors_info=&#8221;{}&#8221;]<\/p>\n<h2>UK and British Silver Hallmarks &#8211; A Complete Guide<\/h2>\n<p>[\/et_pb_text][et_pb_text _builder_version=&#8221;4.27.4&#8243; _module_preset=&#8221;default&#8221; global_colors_info=&#8221;{}&#8221;]<\/p>\n<p>Understanding British hallmarks can be a tricky task. This article will hopefully put some of that confusion to rest.<\/p>\n<p>The first thing you need to know is that you will be looking at a series of five symbols if the piece was manufactured before 1999. If it was manufactured during or after 1999, it may only contain three symbols, with the inclusion of the other two being optional.<\/p>\n<p>[\/et_pb_text][\/et_pb_column][\/et_pb_row][et_pb_row column_structure=&#8221;1_2,1_2&#8243; _builder_version=&#8221;4.27.4&#8243; _module_preset=&#8221;default&#8221; max_width=&#8221;1280px&#8221; global_colors_info=&#8221;{}&#8221;][et_pb_column type=&#8221;1_2&#8243; _builder_version=&#8221;4.27.4&#8243; _module_preset=&#8221;default&#8221; global_colors_info=&#8221;{}&#8221;][et_pb_text _builder_version=&#8221;4.27.4&#8243; _module_preset=&#8221;default&#8221; global_colors_info=&#8221;{}&#8221;]<\/p>\n<h2>What the symbols are and what they mean:<\/h2>\n<p>&nbsp;<\/p>\n<h3>1. The silver standard mark<\/h3>\n<p>This mark indicates the item\u2019s silver content. Without one of these marks, the item is most likely plated. There are 13 potential purity markings, depending on the purity as well as the city of origin.<\/p>\n<p>It is possible for the item to be stamped with just a number to indicate its purity (e.g. 800,900,925).<\/p>\n<p>The Lion hallmark is the most common silver stamp.<\/p>\n<p>[\/et_pb_text][\/et_pb_column][et_pb_column type=&#8221;1_2&#8243; _builder_version=&#8221;4.27.4&#8243; _module_preset=&#8221;default&#8221; global_colors_info=&#8221;{}&#8221;][et_pb_image src=&#8221;https:\/\/canadagold.ca\/wp-content\/uploads\/2025\/02\/sterling-silver-place-hallmarks.jpg&#8221; alt=&#8221;silver place hallmarks&#8221; title_text=&#8221;sterling-silver-place-hallmarks&#8221; admin_label=&#8221;silver hallmarks&#8221; _builder_version=&#8221;4.27.4&#8243; _module_preset=&#8221;default&#8221; custom_css_main_element=&#8221;float:left;||padding-right: 30px;&#8221; global_colors_info=&#8221;{}&#8221;][\/et_pb_image][\/et_pb_column][\/et_pb_row][et_pb_row column_structure=&#8221;1_2,1_2&#8243; _builder_version=&#8221;4.27.4&#8243; _module_preset=&#8221;default&#8221; max_width=&#8221;1280px&#8221; custom_padding=&#8221;0px||||false|false&#8221; global_colors_info=&#8221;{}&#8221;][et_pb_column type=&#8221;1_2&#8243; _builder_version=&#8221;4.27.4&#8243; _module_preset=&#8221;default&#8221; global_colors_info=&#8221;{}&#8221;][et_pb_text _builder_version=&#8221;4.27.4&#8243; _module_preset=&#8221;default&#8221; hover_enabled=&#8221;0&#8243; global_colors_info=&#8221;{}&#8221; sticky_enabled=&#8221;0&#8243;]<\/p>\n<h3>2. City Marks<\/h3>\n<p>This mark is exactly what it says, as it states the city in which the item was manufactured. There are far too many to list here, but some common symbols include:<br \/>\u2022 The Leopards Head- London, England<br \/>\u2022 The Crown- Sheffield, England<br \/>\u2022 The Anchor- Birmingham, England<\/p>\n<p>&nbsp;<\/p>\n<p>[\/et_pb_text][\/et_pb_column][et_pb_column type=&#8221;1_2&#8243; _builder_version=&#8221;4.27.4&#8243; _module_preset=&#8221;default&#8221; global_colors_info=&#8221;{}&#8221;][et_pb_image src=&#8221;https:\/\/canadagold.ca\/wp-content\/uploads\/2025\/02\/city-hallmarks-on-silver.jpg&#8221; alt=&#8221;city hallmarks&#8221; title_text=&#8221;city-hallmarks-on-silver&#8221; admin_label=&#8221;City Marks&#8221; _builder_version=&#8221;4.27.4&#8243; _module_preset=&#8221;default&#8221; hover_enabled=&#8221;0&#8243; custom_css_main_element=&#8221;float:right;||padding-left: 30px;&#8221; global_colors_info=&#8221;{}&#8221; sticky_enabled=&#8221;0&#8243;][\/et_pb_image][\/et_pb_column][\/et_pb_row][et_pb_row column_structure=&#8221;1_3,2_3&#8243; _builder_version=&#8221;4.27.4&#8243; _module_preset=&#8221;default&#8221; max_width=&#8221;1280px&#8221; custom_padding=&#8221;0px||||false|false&#8221; global_colors_info=&#8221;{}&#8221;][et_pb_column type=&#8221;1_3&#8243; _builder_version=&#8221;4.27.4&#8243; _module_preset=&#8221;default&#8221; global_colors_info=&#8221;{}&#8221;][et_pb_text _builder_version=&#8221;4.27.4&#8243; _module_preset=&#8221;default&#8221; global_colors_info=&#8221;{}&#8221;]<\/p>\n<h3>3. Duty Marks<\/h3>\n<p>In 1784 the duty mark was created to indicate that a tax on the item had been paid to the crown. The mark used was a profile portrait of the reigning monarch\u2019s head. This is one of the marks that is no longer mandatory as it was abolished in 1890.<\/p>\n<p>&nbsp;<\/p>\n<p>[\/et_pb_text][\/et_pb_column][et_pb_column type=&#8221;2_3&#8243; _builder_version=&#8221;4.27.4&#8243; _module_preset=&#8221;default&#8221; global_colors_info=&#8221;{}&#8221;][et_pb_image src=&#8221;https:\/\/canadagold.ca\/wp-content\/uploads\/2025\/02\/duty-marks.png&#8221; alt=&#8221;Duty Marks&#8221; title_text=&#8221;duty-marks&#8221; align=&#8221;center&#8221; admin_label=&#8221;Duty Marks&#8221; _builder_version=&#8221;4.27.4&#8243; _module_preset=&#8221;default&#8221; custom_css_main_element=&#8221;float:right;||padding-left: 30px;&#8221; global_colors_info=&#8221;{}&#8221;][\/et_pb_image][\/et_pb_column][\/et_pb_row][et_pb_row column_structure=&#8221;1_3,2_3&#8243; _builder_version=&#8221;4.27.4&#8243; _module_preset=&#8221;default&#8221; max_width=&#8221;1280px&#8221; custom_padding=&#8221;0px||||false|false&#8221; global_colors_info=&#8221;{}&#8221;][et_pb_column type=&#8221;1_3&#8243; _builder_version=&#8221;4.27.4&#8243; _module_preset=&#8221;default&#8221; global_colors_info=&#8221;{}&#8221;][et_pb_text _builder_version=&#8221;4.27.4&#8243; _module_preset=&#8221;default&#8221; hover_enabled=&#8221;0&#8243; global_colors_info=&#8221;{}&#8221; sticky_enabled=&#8221;0&#8243;]<\/p>\n<h3>4. Date Letters<\/h3>\n<p>The date letter is a letter that will indicate when the item was manufactured and assayed. This letter system was created all the way back in 1470. For example, the date letter for our current year 2020 is a lowercase v.<\/p>\n<p>&nbsp;<\/p>\n<p>[\/et_pb_text][\/et_pb_column][et_pb_column type=&#8221;2_3&#8243; _builder_version=&#8221;4.27.4&#8243; _module_preset=&#8221;default&#8221; global_colors_info=&#8221;{}&#8221;][et_pb_image src=&#8221;https:\/\/canadagold.ca\/wp-content\/uploads\/2025\/02\/Dublin-date-letters.jpg&#8221; alt=&#8221;Dublin Date Letters&#8221; title_text=&#8221;Dublin date-letters&#8221; align=&#8221;center&#8221; admin_label=&#8221;Duty Marks&#8221; _builder_version=&#8221;4.27.4&#8243; _module_preset=&#8221;default&#8221; custom_css_main_element=&#8221;float:right;||padding-left: 30px;&#8221; global_colors_info=&#8221;{}&#8221;][\/et_pb_image][\/et_pb_column][\/et_pb_row][et_pb_row _builder_version=&#8221;4.27.4&#8243; _module_preset=&#8221;default&#8221; custom_padding=&#8221;0px||||false|false&#8221; global_colors_info=&#8221;{}&#8221;][et_pb_column type=&#8221;4_4&#8243; _builder_version=&#8221;4.27.4&#8243; _module_preset=&#8221;default&#8221; global_colors_info=&#8221;{}&#8221;][et_pb_image src=&#8221;https:\/\/canadagold.ca\/wp-content\/uploads\/2025\/02\/silver-date-letters-2.png&#8221; alt=&#8221;Silver Date Letters&#8221; title_text=&#8221;silver-date-letters-2&#8243; align=&#8221;center&#8221; _builder_version=&#8221;4.27.4&#8243; _module_preset=&#8221;default&#8221; global_colors_info=&#8221;{}&#8221;][\/et_pb_image][\/et_pb_column][\/et_pb_row][et_pb_row column_structure=&#8221;1_2,1_2&#8243; _builder_version=&#8221;4.27.4&#8243; _module_preset=&#8221;default&#8221; max_width=&#8221;1280px&#8221; global_colors_info=&#8221;{}&#8221;][et_pb_column type=&#8221;1_2&#8243; _builder_version=&#8221;4.27.4&#8243; _module_preset=&#8221;default&#8221; global_colors_info=&#8221;{}&#8221;][et_pb_text _builder_version=&#8221;4.27.4&#8243; _module_preset=&#8221;default&#8221; hover_enabled=&#8221;0&#8243; global_colors_info=&#8221;{}&#8221; sticky_enabled=&#8221;0&#8243;]<\/p>\n<h3>5. Makers Mark<\/h3>\n<p>The maker\u2019s mark is akin to the manufacturer\u2019s signature, giving credit to their work. It is two initials to signify who made the product. This mark was instituted in 1363. Its purpose was to prevent forgery.<\/p>\n<p>The images below show examples of what the 5 marks look like sequentially on a piece of flatware:<\/p>\n<p>[\/et_pb_text][\/et_pb_column][et_pb_column type=&#8221;1_2&#8243; _builder_version=&#8221;4.27.4&#8243; _module_preset=&#8221;default&#8221; global_colors_info=&#8221;{}&#8221;][et_pb_image src=&#8221;https:\/\/canadagold.ca\/wp-content\/uploads\/2025\/02\/makers-mark-1.jpg&#8221; alt=&#8221;Maker&#8217;s Mark&#8221; title_text=&#8221;makers-mark&#8221; _builder_version=&#8221;4.27.4&#8243; _module_preset=&#8221;default&#8221; custom_margin=&#8221;||10px||false|false&#8221; global_colors_info=&#8221;{}&#8221;][\/et_pb_image][et_pb_text _builder_version=&#8221;4.27.4&#8243; _module_preset=&#8221;default&#8221; global_colors_info=&#8221;{}&#8221;]<\/p>\n<p>From Left to Right (1927, Dublin, Brittania Standard Silver 95.8%, London)<\/p>\n<p>[\/et_pb_text][et_pb_image src=&#8221;https:\/\/canadagold.ca\/wp-content\/uploads\/2025\/02\/uk-cities-silver-hallmarks.jpg&#8221; alt=&#8221;UK Cities Hallmarks&#8221; title_text=&#8221;uk-cities-silver-hallmarks&#8221; _builder_version=&#8221;4.27.4&#8243; _module_preset=&#8221;default&#8221; custom_margin=&#8221;||10px||false|false&#8221; global_colors_info=&#8221;{}&#8221;][\/et_pb_image][et_pb_text _builder_version=&#8221;4.27.4&#8243; _module_preset=&#8221;default&#8221; global_colors_info=&#8221;{}&#8221;]<\/p>\n<p>From Left to Right (London, Sheffield, 1942, England Sterling Silver)<\/p>\n<p>[\/et_pb_text][\/et_pb_column][\/et_pb_row][et_pb_row _builder_version=&#8221;4.27.4&#8243; _module_preset=&#8221;default&#8221; max_width=&#8221;1280px&#8221; global_colors_info=&#8221;{}&#8221;][et_pb_column type=&#8221;4_4&#8243; _builder_version=&#8221;4.27.4&#8243; _module_preset=&#8221;default&#8221; global_colors_info=&#8221;{}&#8221;][et_pb_text _builder_version=&#8221;4.27.4&#8243; _module_preset=&#8221;default&#8221; link_font=&#8221;|700|||||||&#8221; global_colors_info=&#8221;{}&#8221;]<\/p>\n<p>If you\u2019re considering <a href=\"\/what-we-sell\/buy-silver-bullion\/\" target=\"_blank\" rel=\"noopener\">buying silver<\/a> made in the UK, you want to be sure you\u2019re getting the real deal. After all, you don\u2019t want to be spending money on anything less than authentic. With the above handy tips, and the expertise of Canada Gold, you\u2019ll be able to properly identify the hallmarks on British silver pieces.<\/p>\n<p>[\/et_pb_text][\/et_pb_column][\/et_pb_row][\/et_pb_section]<\/p>\n","protected":false},"excerpt":{"rendered":"<p><span><span><a href=\"https:\/\/canadagold.ca\/\">Home<\/a><\/span><\/span>UK and British Silver Hallmarks &#8211; A Complete GuideUnderstanding British hallmarks can be a tricky task. This article will hopefully put some of that confusion to rest. The first thing you need to know is that you will be looking at a series of five symbols if the piece was manufactured before 1999. If it [&hellip;]<\/p>\n","protected":false},"author":1,"featured_media":0,"parent":74630,"menu_order":0,"comment_status":"closed","ping_status":"closed","template":"","meta":{"_acf_changed":false,"_et_pb_use_builder":"on","_et_pb_old_content":"","_et_gb_content_width":"","footnotes":""},"class_list":["post-72656","page","type-page","status-publish","hentry"],"acf":[],"yoast_head":"<!-- This site is optimized with the Yoast SEO plugin v27.3 - https:\/\/yoast.com\/product\/yoast-seo-wordpress\/ -->\n<title>UK Silver Hallmarks Guide - Canada Gold<\/title>\n<meta name=\"description\" content=\"Our UK Silver Hallmarks guide will answer your questions about silver standard, city and duty marks as well as date letters and makers marks.\" \/>\n<meta name=\"robots\" content=\"index, follow, max-snippet:-1, max-image-preview:large, max-video-preview:-1\" \/>\n<link rel=\"canonical\" href=\"https:\/\/canadagold.ca\/fr\/resources\/uk-and-british-silver-hallmarks-a-complete-guide\/\" \/>\n<meta property=\"og:locale\" content=\"fr_CA\" \/>\n<meta property=\"og:type\" content=\"article\" \/>\n<meta property=\"og:title\" content=\"UK Silver Hallmarks Guide - Canada Gold\" \/>\n<meta property=\"og:description\" content=\"Our UK Silver Hallmarks guide will answer your questions about silver standard, city and duty marks as well as date letters and makers marks.\" \/>\n<meta property=\"og:url\" content=\"https:\/\/canadagold.ca\/fr\/resources\/uk-and-british-silver-hallmarks-a-complete-guide\/\" \/>\n<meta property=\"og:site_name\" content=\"Canada Gold\" \/>\n<meta property=\"article:publisher\" content=\"https:\/\/www.facebook.com\/CanadaGoldBBB\" \/>\n<meta property=\"article:modified_time\" content=\"2025-11-25T22:47:46+00:00\" \/>\n<meta name=\"twitter:card\" content=\"summary_large_image\" \/>\n<meta name=\"twitter:site\" content=\"@CanadaGoldBBB\" \/>\n<meta name=\"twitter:label1\" content=\"Estimation du temps de lecture\" \/>\n\t<meta name=\"twitter:data1\" content=\"4 minutes\" \/>\n<script type=\"application\/ld+json\" class=\"yoast-schema-graph\">{\"@context\":\"https:\\\/\\\/schema.org\",\"@graph\":[{\"@type\":\"WebPage\",\"@id\":\"https:\\\/\\\/canadagold.ca\\\/resources\\\/uk-and-british-silver-hallmarks-a-complete-guide\\\/\",\"url\":\"https:\\\/\\\/canadagold.ca\\\/resources\\\/uk-and-british-silver-hallmarks-a-complete-guide\\\/\",\"name\":\"UK Silver Hallmarks Guide - Canada Gold\",\"isPartOf\":{\"@id\":\"https:\\\/\\\/canadagold.ca\\\/#website\"},\"datePublished\":\"2025-02-28T18:54:09+00:00\",\"dateModified\":\"2025-11-25T22:47:46+00:00\",\"description\":\"Our UK Silver Hallmarks guide will answer your questions about silver standard, city and duty marks as well as date letters and makers marks.\",\"breadcrumb\":{\"@id\":\"https:\\\/\\\/canadagold.ca\\\/resources\\\/uk-and-british-silver-hallmarks-a-complete-guide\\\/#breadcrumb\"},\"inLanguage\":\"fr-CA\",\"potentialAction\":[{\"@type\":\"ReadAction\",\"target\":[\"https:\\\/\\\/canadagold.ca\\\/resources\\\/uk-and-british-silver-hallmarks-a-complete-guide\\\/\"]}]},{\"@type\":\"BreadcrumbList\",\"@id\":\"https:\\\/\\\/canadagold.ca\\\/resources\\\/uk-and-british-silver-hallmarks-a-complete-guide\\\/#breadcrumb\",\"itemListElement\":[{\"@type\":\"ListItem\",\"position\":1,\"name\":\"Home\",\"item\":\"https:\\\/\\\/canadagold.ca\\\/\"},{\"@type\":\"ListItem\",\"position\":2,\"name\":\"Resources\",\"item\":\"https:\\\/\\\/canadagold.ca\\\/resources\\\/\"},{\"@type\":\"ListItem\",\"position\":3,\"name\":\"UK Silver Hallmarks Guide\"}]},{\"@type\":\"WebSite\",\"@id\":\"https:\\\/\\\/canadagold.ca\\\/#website\",\"url\":\"https:\\\/\\\/canadagold.ca\\\/\",\"name\":\"Canada Gold\",\"description\":\"Canada Gold\",\"publisher\":{\"@id\":\"https:\\\/\\\/canadagold.ca\\\/#organization\"},\"potentialAction\":[{\"@type\":\"SearchAction\",\"target\":{\"@type\":\"EntryPoint\",\"urlTemplate\":\"https:\\\/\\\/canadagold.ca\\\/?s={search_term_string}\"},\"query-input\":{\"@type\":\"PropertyValueSpecification\",\"valueRequired\":true,\"valueName\":\"search_term_string\"}}],\"inLanguage\":\"fr-CA\"},{\"@type\":\"Organization\",\"@id\":\"https:\\\/\\\/canadagold.ca\\\/#organization\",\"name\":\"Canada Gold\",\"url\":\"https:\\\/\\\/canadagold.ca\\\/\",\"logo\":{\"@type\":\"ImageObject\",\"inLanguage\":\"fr-CA\",\"@id\":\"https:\\\/\\\/canadagold.ca\\\/#\\\/schema\\\/logo\\\/image\\\/\",\"url\":\"https:\\\/\\\/canadagold.ca\\\/wp-content\\\/uploads\\\/2025\\\/01\\\/cropped-favicon.png\",\"contentUrl\":\"https:\\\/\\\/canadagold.ca\\\/wp-content\\\/uploads\\\/2025\\\/01\\\/cropped-favicon.png\",\"width\":512,\"height\":512,\"caption\":\"Canada Gold\"},\"image\":{\"@id\":\"https:\\\/\\\/canadagold.ca\\\/#\\\/schema\\\/logo\\\/image\\\/\"},\"sameAs\":[\"https:\\\/\\\/www.facebook.com\\\/CanadaGoldBBB\",\"https:\\\/\\\/x.com\\\/CanadaGoldBBB\",\"https:\\\/\\\/www.instagram.com\\\/canadagold.ca\\\/\"]}]}<\/script>\n<!-- \/ Yoast SEO plugin. -->","yoast_head_json":{"title":"UK Silver Hallmarks Guide - Canada Gold","description":"Notre guide des poin\u00e7ons d'argent britanniques r\u00e9pondra \u00e0 vos questions sur les poin\u00e7ons d'argent standard, de ville et de service, ainsi que sur les lettres de date et les marques de fabricant.","robots":{"index":"index","follow":"follow","max-snippet":"max-snippet:-1","max-image-preview":"max-image-preview:large","max-video-preview":"max-video-preview:-1"},"canonical":"https:\/\/canadagold.ca\/fr\/resources\/uk-and-british-silver-hallmarks-a-complete-guide\/","og_locale":"fr_CA","og_type":"article","og_title":"UK Silver Hallmarks Guide - Canada Gold","og_description":"Our UK Silver Hallmarks guide will answer your questions about silver standard, city and duty marks as well as date letters and makers marks.","og_url":"https:\/\/canadagold.ca\/fr\/resources\/uk-and-british-silver-hallmarks-a-complete-guide\/","og_site_name":"Canada Gold","article_publisher":"https:\/\/www.facebook.com\/CanadaGoldBBB","article_modified_time":"2025-11-25T22:47:46+00:00","twitter_card":"summary_large_image","twitter_site":"@CanadaGoldBBB","twitter_misc":{"Estimation du temps de lecture":"4 minutes"},"schema":{"@context":"https:\/\/schema.org","@graph":[{"@type":"WebPage","@id":"https:\/\/canadagold.ca\/resources\/uk-and-british-silver-hallmarks-a-complete-guide\/","url":"https:\/\/canadagold.ca\/resources\/uk-and-british-silver-hallmarks-a-complete-guide\/","name":"UK Silver Hallmarks Guide - Canada Gold","isPartOf":{"@id":"https:\/\/canadagold.ca\/#website"},"datePublished":"2025-02-28T18:54:09+00:00","dateModified":"2025-11-25T22:47:46+00:00","description":"Notre guide des poin\u00e7ons d'argent britanniques r\u00e9pondra \u00e0 vos questions sur les poin\u00e7ons d'argent standard, de ville et de service, ainsi que sur les lettres de date et les marques de fabricant.","breadcrumb":{"@id":"https:\/\/canadagold.ca\/resources\/uk-and-british-silver-hallmarks-a-complete-guide\/#breadcrumb"},"inLanguage":"fr-CA","potentialAction":[{"@type":"ReadAction","target":["https:\/\/canadagold.ca\/resources\/uk-and-british-silver-hallmarks-a-complete-guide\/"]}]},{"@type":"BreadcrumbList","@id":"https:\/\/canadagold.ca\/resources\/uk-and-british-silver-hallmarks-a-complete-guide\/#breadcrumb","itemListElement":[{"@type":"ListItem","position":1,"name":"Home","item":"https:\/\/canadagold.ca\/"},{"@type":"ListItem","position":2,"name":"Resources","item":"https:\/\/canadagold.ca\/resources\/"},{"@type":"ListItem","position":3,"name":"UK Silver Hallmarks Guide"}]},{"@type":"WebSite","@id":"https:\/\/canadagold.ca\/#website","url":"https:\/\/canadagold.ca\/","name":"Or du Canada","description":"Or du Canada","publisher":{"@id":"https:\/\/canadagold.ca\/#organization"},"potentialAction":[{"@type":"SearchAction","target":{"@type":"EntryPoint","urlTemplate":"https:\/\/canadagold.ca\/?s={search_term_string}"},"query-input":{"@type":"PropertyValueSpecification","valueRequired":true,"valueName":"search_term_string"}}],"inLanguage":"fr-CA"},{"@type":"Organization","@id":"https:\/\/canadagold.ca\/#organization","name":"Or du Canada","url":"https:\/\/canadagold.ca\/","logo":{"@type":"ImageObject","inLanguage":"fr-CA","@id":"https:\/\/canadagold.ca\/#\/schema\/logo\/image\/","url":"https:\/\/canadagold.ca\/wp-content\/uploads\/2025\/01\/cropped-favicon.png","contentUrl":"https:\/\/canadagold.ca\/wp-content\/uploads\/2025\/01\/cropped-favicon.png","width":512,"height":512,"caption":"Canada Gold"},"image":{"@id":"https:\/\/canadagold.ca\/#\/schema\/logo\/image\/"},"sameAs":["https:\/\/www.facebook.com\/CanadaGoldBBB","https:\/\/x.com\/CanadaGoldBBB","https:\/\/www.instagram.com\/canadagold.ca\/"]}]}},"_links":{"self":[{"href":"https:\/\/canadagold.ca\/fr\/wp-json\/wp\/v2\/pages\/72656","targetHints":{"allow":["GET"]}}],"collection":[{"href":"https:\/\/canadagold.ca\/fr\/wp-json\/wp\/v2\/pages"}],"about":[{"href":"https:\/\/canadagold.ca\/fr\/wp-json\/wp\/v2\/types\/page"}],"author":[{"embeddable":true,"href":"https:\/\/canadagold.ca\/fr\/wp-json\/wp\/v2\/users\/1"}],"replies":[{"embeddable":true,"href":"https:\/\/canadagold.ca\/fr\/wp-json\/wp\/v2\/comments?post=72656"}],"version-history":[{"count":0,"href":"https:\/\/canadagold.ca\/fr\/wp-json\/wp\/v2\/pages\/72656\/revisions"}],"up":[{"embeddable":true,"href":"https:\/\/canadagold.ca\/fr\/wp-json\/wp\/v2\/pages\/74630"}],"wp:attachment":[{"href":"https:\/\/canadagold.ca\/fr\/wp-json\/wp\/v2\/media?parent=72656"}],"curies":[{"name":"wp","href":"https:\/\/api.w.org\/{rel}","templated":true}]}}