{"id":73399,"date":"2025-03-16T17:18:02","date_gmt":"2025-03-16T17:18:02","guid":{"rendered":"https:\/\/canadagold.ca\/?page_id=73399"},"modified":"2025-04-16T23:59:29","modified_gmt":"2025-04-17T03:59:29","slug":"canadian-coin-and-currency","status":"publish","type":"page","link":"https:\/\/canadagold.ca\/fr\/about-canada-gold\/canadian-coin-and-currency\/","title":{"rendered":"Pi\u00e8ces et monnaies canadiennes"},"content":{"rendered":"<p>[et_pb_section fb_built=&#8221;1&#8243; custom_padding_last_edited=&#8221;on|desktop&#8221; admin_label=&#8221;Section&#8221; _builder_version=&#8221;4.27.4&#8243; _module_preset=&#8221;default&#8221; background_color=&#8221;#032340&#8243; height_tablet=&#8221;&#8221; height_phone=&#8221;&#8221; height_last_edited=&#8221;on|desktop&#8221; custom_padding=&#8221;9px||4px||false|false&#8221; custom_padding_tablet=&#8221;9px||4px||false|false&#8221; custom_padding_phone=&#8221;9px||4px||false|false&#8221; border_color_bottom=&#8221;#D2AE74&#8243; saved_tabs=&#8221;all&#8221; locked=&#8221;off&#8221; collapsed=&#8221;off&#8221; global_colors_info=&#8221;{}&#8221;][et_pb_row make_equal=&#8221;on&#8221; _builder_version=&#8221;4.27.4&#8243; _module_preset=&#8221;default&#8221; custom_padding=&#8221;0px||0px||false|false&#8221; custom_css_main_element=&#8221;display:flex;&#8221; global_colors_info=&#8221;{}&#8221;][et_pb_column type=&#8221;4_4&#8243; _builder_version=&#8221;4.27.4&#8243; _module_preset=&#8221;default&#8221; custom_css_main_element=&#8221;display:flex;||flex-direction:column;||justify-content: center;&#8221; global_colors_info=&#8221;{}&#8221;][et_pb_text _builder_version=&#8221;4.27.4&#8243; _dynamic_attributes=&#8221;content&#8221; _module_preset=&#8221;default&#8221; header_font=&#8221;|&#8211;et_global_heading_font_weight||on|||||&#8221; header_text_align=&#8221;center&#8221; header_text_color=&#8221;#FFFFFF&#8221; header_font_size=&#8221;38px&#8221; custom_css_free_form=&#8221;.selector h1 {||  font-weight:400!important;||}&#8221; global_colors_info=&#8221;{}&#8221; theme_builder_area=&#8221;post_content&#8221;]@ET-DC@eyJkeW5hbWljIjp0cnVlLCJjb250ZW50IjoicG9zdF90aXRsZSIsInNldHRpbmdzIjp7ImJlZm9yZSI6IjxoMT4iLCJhZnRlciI6IjwvaDE+In19@[\/et_pb_text][\/et_pb_column][\/et_pb_row][\/et_pb_section][et_pb_section fb_built=&#8221;1&#8243; _builder_version=&#8221;4.27.4&#8243; _module_preset=&#8221;default&#8221; custom_margin=&#8221;||20px||false|false&#8221; custom_padding=&#8221;0px||0px||false|false&#8221; global_module=&#8221;151&#8243; saved_tabs=&#8221;all&#8221; locked=&#8221;on&#8221; global_colors_info=&#8221;{}&#8221;][et_pb_row _builder_version=&#8221;4.27.4&#8243; _module_preset=&#8221;default&#8221; max_width=&#8221;1280px&#8221; custom_padding=&#8221;20px||20px||true|false&#8221; global_colors_info=&#8221;{}&#8221;][et_pb_column type=&#8221;4_4&#8243; _builder_version=&#8221;4.27.4&#8243; _module_preset=&#8221;default&#8221; global_colors_info=&#8221;{}&#8221;][et_pb_text _builder_version=&#8221;4.27.4&#8243; _module_preset=&#8221;default&#8221; text_font=&#8221;|&#8211;et_global_body_font_weight||on|||||&#8221; text_text_color=&#8221;#0E3E63&#8243; text_font_size=&#8221;14px&#8221; link_font=&#8221;|||on|||||&#8221; link_text_color=&#8221;#000000&#8243; global_colors_info=&#8221;{}&#8221;]<\/p>\n<div data-plaintext=\"true\" data-pm-slice=\"1 1 [&quot;codeblock&quot;,{&quot;style&quot;:null,&quot;codeblock&quot;:true,&quot;textAlign&quot;:null,&quot;syntaxLanguage&quot;:null,&quot;lineWrapping&quot;:false}]\" data-en-clipboard=\"true\"><span><span><a href=\"https:\/\/canadagold.ca\/\">Home<\/a><\/span><\/span><\/div>\n<p>[\/et_pb_text][\/et_pb_column][\/et_pb_row][\/et_pb_section][et_pb_section fb_built=&#8221;1&#8243; _builder_version=&#8221;4.27.4&#8243; _module_preset=&#8221;default&#8221; custom_padding=&#8221;0px||||false|false&#8221; global_colors_info=&#8221;{}&#8221;][et_pb_row _builder_version=&#8221;4.27.4&#8243; _module_preset=&#8221;default&#8221; max_width=&#8221;1280px&#8221; custom_padding=&#8221;0px||||false|false&#8221; global_colors_info=&#8221;{}&#8221;][et_pb_column type=&#8221;4_4&#8243; _builder_version=&#8221;4.27.4&#8243; _module_preset=&#8221;default&#8221; global_colors_info=&#8221;{}&#8221;][et_pb_image src=&#8221;https:\/\/canadagold.ca\/wp-content\/uploads\/2025\/03\/CCC-Inverse-Logo-Larger.png&#8221; alt=&#8221;Canadian Coin &#038; Currency logo&#8221; title_text=&#8221;CCC Inverse Logo Larger&#8221; _builder_version=&#8221;4.27.4&#8243; _module_preset=&#8221;default&#8221; width_tablet=&#8221;50%&#8221; width_phone=&#8221;100%&#8221; width_last_edited=&#8221;on|phone&#8221; custom_css_main_element=&#8221;float:right;||padding-left: 30px;&#8221; global_colors_info=&#8221;{}&#8221; custom_css_main_element_last_edited=&#8221;on|desktop&#8221; custom_css_main_element_phone=&#8221;width:100%;||padding-left:0px;&#8221; custom_css_main_element_tablet=&#8221;float:right;||padding-left: 30px;&#8221;][\/et_pb_image][et_pb_text _builder_version=&#8221;4.27.4&#8243; _module_preset=&#8221;e2a92389-a1de-4ff6-afc8-481c2e3a7ec8&#8243; header_2_font=&#8221;&#8211;et_global_body_font||||||||&#8221; global_colors_info=&#8221;{}&#8221;]<\/p>\n<h2>Our History<\/h2>\n<p>Established in 1987, Canadian Coin &amp; Currency has grown to become Canada&#8217;s largest and most respected full-service coin company. For over three decades, we have been dedicated to serving collectors and investors with a vast selection of historic Canadian and world collector coins and banknotes. Our commitment to quality, integrity, and expertise has made us a trusted name in the numismatic community.<\/p>\n<h3>What We Offer<\/h3>\n<p>We specialize in providing an extensive range of collector coins and banknotes, with approximately 25,000 different items available online and in-store. Our offerings include:<\/p>\n<ul>\n<li>Rare and historic Canadian and world coins<\/li>\n<li>Banknotes from various eras and countries<\/li>\n<li>Newly released Royal Canadian Mint products<\/li>\n<li>Precious metals and investment-grade bullion<\/li>\n<\/ul>\n<p>As a top-level Authorized Royal Canadian Mint Distributor, we ensure that collectors and investors have access to the latest and most sought-after coin releases.<\/p>\n<h3>Our Expert Team<\/h3>\n<p><span style=\"font-weight: 400;\">At Canadian Coin &amp; Currency, our team consists of over 30 dedicated professionals, including:<\/span><\/p>\n<ul>\n<li>Numismatists with deep knowledge of coins and their historical significance<\/li>\n<li>Precious metals consultants to guide investment decisions<\/li>\n<li>Gemologists and appraisers for accurate valuation<\/li>\n<li>Auctioneers who bring rare finds to market<\/li>\n<\/ul>\n<p>Our team\u2019s expertise allows us to offer personalized guidance, competitive pricing, and exceptional service to every customer.<\/p>\n<p>We believe that our reputation is our most valuable asset. That\u2019s why we are committed to providing a seamless and rewarding experience for all our customers. Whether you&#8217;re buying, selling, or investing, you can trust us to offer fair market prices, expert advice, and outstanding customer service.<\/p>\n<h2>Visit Us<\/h2>\n<p>Collectors of all levels are welcome to explore Canada\u2019s widest selection of collector coins and banknotes. You can visit us at our metro Toronto showroom or browse and shop conveniently online at <a href=\"https:\/\/cdncoin.com\/\" target=\"_blank\" rel=\"noopener\">CDNCoin.com<\/a>.\u00a0 Experience the passion of numismatics with Canadian Coin &amp; Currency today!<\/p>\n<p>&nbsp;<\/p>\n<p>[\/et_pb_text][\/et_pb_column][\/et_pb_row][\/et_pb_section][et_pb_section fb_built=&#8221;1&#8243; _builder_version=&#8221;4.27.4&#8243; _module_preset=&#8221;default&#8221; background_color=&#8221;#0B3B62&#8243; custom_padding=&#8221;0px||0px||false|false&#8221; global_colors_info=&#8221;{}&#8221;][et_pb_row _builder_version=&#8221;4.25.1&#8243; _module_preset=&#8221;default&#8221; custom_padding=&#8221;15px||15px||true|false&#8221; global_colors_info=&#8221;{}&#8221;][et_pb_column type=&#8221;4_4&#8243; _builder_version=&#8221;4.25.1&#8243; _module_preset=&#8221;default&#8221; global_colors_info=&#8221;{}&#8221;][et_pb_text _builder_version=&#8221;4.27.4&#8243; _module_preset=&#8221;default&#8221; text_text_color=&#8221;#FFFFFF&#8221; text_font_size=&#8221;15px&#8221; link_font=&#8221;||||on||||&#8221; link_text_color=&#8221;#FFFFFF&#8221; global_colors_info=&#8221;{}&#8221;]<\/p>\n<p style=\"text-align: center;\">\u00a9 2026 Canada Gold<\/p>\n<p>[\/et_pb_text][\/et_pb_column][\/et_pb_row][\/et_pb_section]<\/p>\n","protected":false},"excerpt":{"rendered":"<p><span><span><a href=\"https:\/\/canadagold.ca\/\">Home<\/a><\/span><\/span>Our History Established in 1987, Canadian Coin &amp; Currency has grown to become Canada&#8217;s largest and most respected full-service coin company. For over three decades, we have been dedicated to serving collectors and investors with a vast selection of historic Canadian and world collector coins and banknotes. Our commitment to quality, integrity, and expertise has [&hellip;]<\/p>\n","protected":false},"author":5,"featured_media":0,"parent":71853,"menu_order":0,"comment_status":"closed","ping_status":"closed","template":"","meta":{"_acf_changed":false,"_et_pb_use_builder":"on","_et_pb_old_content":"","_et_gb_content_width":"","footnotes":""},"class_list":["post-73399","page","type-page","status-publish","hentry"],"acf":[],"yoast_head":"<!-- This site is optimized with the Yoast SEO plugin v27.4 - https:\/\/yoast.com\/product\/yoast-seo-wordpress\/ -->\n<title>Canadian Coin And Currency - Canada Gold<\/title>\n<meta name=\"description\" content=\"Buy gold and silver coins at our sister site, Canadian Coin and Currency, a Royal Canadian Mint authorized retailer.\" \/>\n<meta name=\"robots\" content=\"index, follow, max-snippet:-1, max-image-preview:large, max-video-preview:-1\" \/>\n<link rel=\"canonical\" href=\"https:\/\/canadagold.ca\/fr\/about-canada-gold\/canadian-coin-and-currency\/\" \/>\n<meta property=\"og:locale\" content=\"fr_CA\" \/>\n<meta property=\"og:type\" content=\"article\" \/>\n<meta property=\"og:title\" content=\"Canadian Coin And Currency - Canada Gold\" \/>\n<meta property=\"og:description\" content=\"Buy gold and silver coins at our sister site, Canadian Coin and Currency, a Royal Canadian Mint authorized retailer.\" \/>\n<meta property=\"og:url\" content=\"https:\/\/canadagold.ca\/fr\/about-canada-gold\/canadian-coin-and-currency\/\" \/>\n<meta property=\"og:site_name\" content=\"Canada Gold\" \/>\n<meta property=\"article:publisher\" content=\"https:\/\/www.facebook.com\/CanadaGoldBBB\" \/>\n<meta property=\"article:modified_time\" content=\"2025-04-17T03:59:29+00:00\" \/>\n<meta name=\"twitter:card\" content=\"summary_large_image\" \/>\n<meta name=\"twitter:site\" content=\"@CanadaGoldBBB\" \/>\n<meta name=\"twitter:label1\" content=\"Estimation du temps de lecture\" \/>\n\t<meta name=\"twitter:data1\" content=\"2 minutes\" \/>\n<script type=\"application\/ld+json\" class=\"yoast-schema-graph\">{\"@context\":\"https:\\\/\\\/schema.org\",\"@graph\":[{\"@type\":\"WebPage\",\"@id\":\"https:\\\/\\\/canadagold.ca\\\/about-canada-gold\\\/canadian-coin-and-currency\\\/\",\"url\":\"https:\\\/\\\/canadagold.ca\\\/about-canada-gold\\\/canadian-coin-and-currency\\\/\",\"name\":\"Canadian Coin And Currency - Canada Gold\",\"isPartOf\":{\"@id\":\"https:\\\/\\\/canadagold.ca\\\/#website\"},\"datePublished\":\"2025-03-16T17:18:02+00:00\",\"dateModified\":\"2025-04-17T03:59:29+00:00\",\"description\":\"Buy gold and silver coins at our sister site, Canadian Coin and Currency, a Royal Canadian Mint authorized retailer.\",\"breadcrumb\":{\"@id\":\"https:\\\/\\\/canadagold.ca\\\/about-canada-gold\\\/canadian-coin-and-currency\\\/#breadcrumb\"},\"inLanguage\":\"fr-CA\",\"potentialAction\":[{\"@type\":\"ReadAction\",\"target\":[\"https:\\\/\\\/canadagold.ca\\\/about-canada-gold\\\/canadian-coin-and-currency\\\/\"]}]},{\"@type\":\"BreadcrumbList\",\"@id\":\"https:\\\/\\\/canadagold.ca\\\/about-canada-gold\\\/canadian-coin-and-currency\\\/#breadcrumb\",\"itemListElement\":[{\"@type\":\"ListItem\",\"position\":1,\"name\":\"Home\",\"item\":\"https:\\\/\\\/canadagold.ca\\\/\"},{\"@type\":\"ListItem\",\"position\":2,\"name\":\"About Canada Gold\",\"item\":\"https:\\\/\\\/canadagold.ca\\\/about-canada-gold\\\/\"},{\"@type\":\"ListItem\",\"position\":3,\"name\":\"Canadian Coin And Currency\"}]},{\"@type\":\"WebSite\",\"@id\":\"https:\\\/\\\/canadagold.ca\\\/#website\",\"url\":\"https:\\\/\\\/canadagold.ca\\\/\",\"name\":\"Canada Gold\",\"description\":\"Canada Gold\",\"publisher\":{\"@id\":\"https:\\\/\\\/canadagold.ca\\\/#organization\"},\"potentialAction\":[{\"@type\":\"SearchAction\",\"target\":{\"@type\":\"EntryPoint\",\"urlTemplate\":\"https:\\\/\\\/canadagold.ca\\\/?s={search_term_string}\"},\"query-input\":{\"@type\":\"PropertyValueSpecification\",\"valueRequired\":true,\"valueName\":\"search_term_string\"}}],\"inLanguage\":\"fr-CA\"},{\"@type\":\"Organization\",\"@id\":\"https:\\\/\\\/canadagold.ca\\\/#organization\",\"name\":\"Canada Gold\",\"url\":\"https:\\\/\\\/canadagold.ca\\\/\",\"logo\":{\"@type\":\"ImageObject\",\"inLanguage\":\"fr-CA\",\"@id\":\"https:\\\/\\\/canadagold.ca\\\/#\\\/schema\\\/logo\\\/image\\\/\",\"url\":\"https:\\\/\\\/canadagold.ca\\\/wp-content\\\/uploads\\\/2025\\\/01\\\/cropped-favicon.png\",\"contentUrl\":\"https:\\\/\\\/canadagold.ca\\\/wp-content\\\/uploads\\\/2025\\\/01\\\/cropped-favicon.png\",\"width\":512,\"height\":512,\"caption\":\"Canada Gold\"},\"image\":{\"@id\":\"https:\\\/\\\/canadagold.ca\\\/#\\\/schema\\\/logo\\\/image\\\/\"},\"sameAs\":[\"https:\\\/\\\/www.facebook.com\\\/CanadaGoldBBB\",\"https:\\\/\\\/x.com\\\/CanadaGoldBBB\",\"https:\\\/\\\/www.instagram.com\\\/canadagold.ca\\\/\"]}]}<\/script>\n<!-- \/ Yoast SEO plugin. -->","yoast_head_json":{"title":"Pi\u00e8ces et monnaies canadiennes - Or du Canada","description":"Achetez des pi\u00e8ces d'or et d'argent sur notre site fr\u00e8re, Canadian Coin and Currency, un d\u00e9taillant autoris\u00e9 de la Monnaie royale canadienne.","robots":{"index":"index","follow":"follow","max-snippet":"max-snippet:-1","max-image-preview":"max-image-preview:large","max-video-preview":"max-video-preview:-1"},"canonical":"https:\/\/canadagold.ca\/fr\/about-canada-gold\/canadian-coin-and-currency\/","og_locale":"fr_CA","og_type":"article","og_title":"Canadian Coin And Currency - Canada Gold","og_description":"Buy gold and silver coins at our sister site, Canadian Coin and Currency, a Royal Canadian Mint authorized retailer.","og_url":"https:\/\/canadagold.ca\/fr\/about-canada-gold\/canadian-coin-and-currency\/","og_site_name":"Canada Gold","article_publisher":"https:\/\/www.facebook.com\/CanadaGoldBBB","article_modified_time":"2025-04-17T03:59:29+00:00","twitter_card":"summary_large_image","twitter_site":"@CanadaGoldBBB","twitter_misc":{"Estimation du temps de lecture":"2 minutes"},"schema":{"@context":"https:\/\/schema.org","@graph":[{"@type":"WebPage","@id":"https:\/\/canadagold.ca\/about-canada-gold\/canadian-coin-and-currency\/","url":"https:\/\/canadagold.ca\/about-canada-gold\/canadian-coin-and-currency\/","name":"Pi\u00e8ces et monnaies canadiennes - Or du Canada","isPartOf":{"@id":"https:\/\/canadagold.ca\/#website"},"datePublished":"2025-03-16T17:18:02+00:00","dateModified":"2025-04-17T03:59:29+00:00","description":"Achetez des pi\u00e8ces d'or et d'argent sur notre site fr\u00e8re, Canadian Coin and Currency, un d\u00e9taillant autoris\u00e9 de la Monnaie royale canadienne.","breadcrumb":{"@id":"https:\/\/canadagold.ca\/about-canada-gold\/canadian-coin-and-currency\/#breadcrumb"},"inLanguage":"fr-CA","potentialAction":[{"@type":"ReadAction","target":["https:\/\/canadagold.ca\/about-canada-gold\/canadian-coin-and-currency\/"]}]},{"@type":"BreadcrumbList","@id":"https:\/\/canadagold.ca\/about-canada-gold\/canadian-coin-and-currency\/#breadcrumb","itemListElement":[{"@type":"ListItem","position":1,"name":"Home","item":"https:\/\/canadagold.ca\/"},{"@type":"ListItem","position":2,"name":"About Canada Gold","item":"https:\/\/canadagold.ca\/about-canada-gold\/"},{"@type":"ListItem","position":3,"name":"Canadian Coin And Currency"}]},{"@type":"WebSite","@id":"https:\/\/canadagold.ca\/#website","url":"https:\/\/canadagold.ca\/","name":"Or du Canada","description":"Or du Canada","publisher":{"@id":"https:\/\/canadagold.ca\/#organization"},"potentialAction":[{"@type":"SearchAction","target":{"@type":"EntryPoint","urlTemplate":"https:\/\/canadagold.ca\/?s={search_term_string}"},"query-input":{"@type":"PropertyValueSpecification","valueRequired":true,"valueName":"search_term_string"}}],"inLanguage":"fr-CA"},{"@type":"Organization","@id":"https:\/\/canadagold.ca\/#organization","name":"Or du Canada","url":"https:\/\/canadagold.ca\/","logo":{"@type":"ImageObject","inLanguage":"fr-CA","@id":"https:\/\/canadagold.ca\/#\/schema\/logo\/image\/","url":"https:\/\/canadagold.ca\/wp-content\/uploads\/2025\/01\/cropped-favicon.png","contentUrl":"https:\/\/canadagold.ca\/wp-content\/uploads\/2025\/01\/cropped-favicon.png","width":512,"height":512,"caption":"Canada Gold"},"image":{"@id":"https:\/\/canadagold.ca\/#\/schema\/logo\/image\/"},"sameAs":["https:\/\/www.facebook.com\/CanadaGoldBBB","https:\/\/x.com\/CanadaGoldBBB","https:\/\/www.instagram.com\/canadagold.ca\/"]}]}},"_links":{"self":[{"href":"https:\/\/canadagold.ca\/fr\/wp-json\/wp\/v2\/pages\/73399","targetHints":{"allow":["GET"]}}],"collection":[{"href":"https:\/\/canadagold.ca\/fr\/wp-json\/wp\/v2\/pages"}],"about":[{"href":"https:\/\/canadagold.ca\/fr\/wp-json\/wp\/v2\/types\/page"}],"author":[{"embeddable":true,"href":"https:\/\/canadagold.ca\/fr\/wp-json\/wp\/v2\/users\/5"}],"replies":[{"embeddable":true,"href":"https:\/\/canadagold.ca\/fr\/wp-json\/wp\/v2\/comments?post=73399"}],"version-history":[{"count":0,"href":"https:\/\/canadagold.ca\/fr\/wp-json\/wp\/v2\/pages\/73399\/revisions"}],"up":[{"embeddable":true,"href":"https:\/\/canadagold.ca\/fr\/wp-json\/wp\/v2\/pages\/71853"}],"wp:attachment":[{"href":"https:\/\/canadagold.ca\/fr\/wp-json\/wp\/v2\/media?parent=73399"}],"curies":[{"name":"wp","href":"https:\/\/api.w.org\/{rel}","templated":true}]}}