{"id":74082,"date":"2025-03-28T14:06:56","date_gmt":"2025-03-28T18:06:56","guid":{"rendered":"https:\/\/canadagold.ca\/?page_id=74082"},"modified":"2025-04-13T02:41:24","modified_gmt":"2025-04-13T06:41:24","slug":"terms-and-conditions","status":"publish","type":"page","link":"https:\/\/canadagold.ca\/fr\/terms-and-conditions\/","title":{"rendered":"Conditions g\u00e9n\u00e9rales d'utilisation"},"content":{"rendered":"<p>[et_pb_section fb_built=&#8221;1&#8243; custom_padding_last_edited=&#8221;on|desktop&#8221; _builder_version=&#8221;4.27.4&#8243; _module_preset=&#8221;default&#8221; background_color=&#8221;#032340&#8243; height_tablet=&#8221;&#8221; height_phone=&#8221;&#8221; height_last_edited=&#8221;on|desktop&#8221; custom_padding=&#8221;9px||4px||false|false&#8221; custom_padding_tablet=&#8221;9px||4px||false|false&#8221; custom_padding_phone=&#8221;9px||4px||false|false&#8221; border_color_bottom=&#8221;#D2AE74&#8243; global_module=&#8221;73382&#8243; saved_tabs=&#8221;all&#8221; locked=&#8221;off&#8221; collapsed=&#8221;off&#8221; global_colors_info=&#8221;{}&#8221;][et_pb_row make_equal=&#8221;on&#8221; _builder_version=&#8221;4.27.4&#8243; _module_preset=&#8221;default&#8221; custom_padding=&#8221;0px||0px||false|false&#8221; custom_css_main_element=&#8221;display:flex;&#8221; global_colors_info=&#8221;{}&#8221;][et_pb_column type=&#8221;4_4&#8243; _builder_version=&#8221;4.27.4&#8243; _module_preset=&#8221;default&#8221; custom_css_main_element=&#8221;display:flex;||flex-direction:column;||justify-content: center;&#8221; global_colors_info=&#8221;{}&#8221;][\/et_pb_column][\/et_pb_row][\/et_pb_section][et_pb_section fb_built=&#8221;1&#8243; _builder_version=&#8221;4.27.4&#8243; _module_preset=&#8221;default&#8221; custom_margin=&#8221;||20px||false|false&#8221; custom_padding=&#8221;0px||0px||false|false&#8221; global_module=&#8221;151&#8243; saved_tabs=&#8221;all&#8221; global_colors_info=&#8221;{}&#8221;][et_pb_row _builder_version=&#8221;4.27.4&#8243; _module_preset=&#8221;default&#8221; max_width=&#8221;1280px&#8221; custom_padding=&#8221;20px||20px||true|false&#8221; global_colors_info=&#8221;{}&#8221;][et_pb_column type=&#8221;4_4&#8243; _builder_version=&#8221;4.27.4&#8243; _module_preset=&#8221;default&#8221; global_colors_info=&#8221;{}&#8221;][et_pb_text _builder_version=&#8221;4.27.4&#8243; _module_preset=&#8221;default&#8221; text_font=&#8221;|&#8211;et_global_body_font_weight||on|||||&#8221; text_text_color=&#8221;#0E3E63&#8243; text_font_size=&#8221;14px&#8221; link_font=&#8221;|||on|||||&#8221; link_text_color=&#8221;#000000&#8243; global_colors_info=&#8221;{}&#8221;]<\/p>\n<div data-plaintext=\"true\" data-pm-slice=\"1 1 [&quot;codeblock&quot;,{&quot;style&quot;:null,&quot;codeblock&quot;:true,&quot;textAlign&quot;:null,&quot;syntaxLanguage&quot;:null,&quot;lineWrapping&quot;:false}]\" data-en-clipboard=\"true\"><span><span><a href=\"https:\/\/canadagold.ca\/\">Home<\/a><\/span><\/span><\/div>\n<p>[\/et_pb_text][\/et_pb_column][\/et_pb_row][\/et_pb_section][et_pb_section fb_built=&#8221;1&#8243; _builder_version=&#8221;4.27.4&#8243; _module_preset=&#8221;default&#8221; custom_padding=&#8221;0px||||false|false&#8221; global_colors_info=&#8221;{}&#8221;][et_pb_row _builder_version=&#8221;4.27.4&#8243; _module_preset=&#8221;default&#8221; max_width=&#8221;1280px&#8221; custom_padding=&#8221;0px||20px||false|false&#8221; global_colors_info=&#8221;{}&#8221;][et_pb_column type=&#8221;4_4&#8243; _builder_version=&#8221;4.27.4&#8243; _module_preset=&#8221;default&#8221; global_colors_info=&#8221;{}&#8221;][et_pb_text _builder_version=&#8221;4.27.4&#8243; _module_preset=&#8221;default&#8221; header_font=&#8221;|600|||||||&#8221; header_font_size=&#8221;35px&#8221; global_colors_info=&#8221;{}&#8221;]<\/p>\n<p><strong>Effective Date:<\/strong> March 29, 2025<\/p>\n<p>Welcome to the Canada Gold website. By accessing or using our website (the &#8220;Site&#8221;), you agree to be bound by the following Terms of Service (&#8220;Terms&#8221;). If you do not agree to these Terms, please do not use our Site.<\/p>\n<p><strong>1. General Information<\/strong><br \/>Canada Gold provides pricing information for precious metals and related services. While prices are listed online, we do not sell products directly through the website. All transactions must be completed in person at one of our physical locations.<\/p>\n<p><strong>2. Use of the Website<\/strong><br \/>You may use our Site for informational purposes only. Any misuse of the Site, including attempts to alter pricing data, interfere with site functionality, or access unauthorized areas, is strictly prohibited.<\/p>\n<p><strong>3. Accuracy of Information<\/strong><br \/>We strive to ensure that all information displayed on the Site is accurate and up-to-date. However, Canada Gold does not guarantee the accuracy, completeness, or reliability of the information, including listed prices. Prices are subject to change without notice and may differ from in-store pricing.<\/p>\n<p><strong>4. No Online Transactions<\/strong><br \/>Canada Gold does not conduct transactions online. Any purchases, sales, or appraisals must be conducted in person at one of our locations. Prices listed on the Site are for reference only and do not constitute a binding offer.<\/p>\n<p><strong>5. Intellectual Property<\/strong><br \/>All content on the Site, including text, images, logos, and trademarks, is the property of Canada Gold or its licensors. You may not reproduce, distribute, or use any content without our express permission.<\/p>\n<p><strong>6. Third-Party Links<\/strong><br \/>Our Site may contain links to third-party websites. Canada Gold is not responsible for the content, accuracy, or policies of any third-party sites.<\/p>\n<p><strong>7. Limitation of Liability<\/strong><br \/>Canada Gold is not responsible for any damages, losses, or claims arising from your use of the Site or reliance on its content. This includes but is not limited to, errors in pricing information, site downtime, or external cyber threats.<\/p>\n<p><strong>8. Indemnification<\/strong><br \/>You agree to indemnify and hold harmless Canada Gold, its affiliates, employees, and partners from any claims, damages, or expenses arising from your use of the Site or violation of these Terms.<\/p>\n<p><strong>9. Severability<\/strong><br \/>If any provision of these Terms is found to be unenforceable, the remaining provisions shall continue to be in full effect.<\/p>\n<p><strong>10. Termination<\/strong><br \/>We reserve the right to terminate or suspend access to our Site at any time, without notice, for any reason.<\/p>\n<p><strong>11. Changes to Terms<\/strong><br \/>Canada Gold may update these Terms at any time. Continued use of the Site after changes are posted constitutes acceptance of the revised Terms.<\/p>\n<p>You can review the most current version of the Terms of Service at any time at this page.<\/p>\n<p>We reserve the right, at our sole discretion, to update, change or replace any part of these Terms of Service by posting updates and changes to our website. It is your responsibility to check our website periodically for changes. Your continued use of or access to our website or the Service following the posting of any changes to these Terms of Service constitutes acceptance of those changes.<\/p>\n<p><strong>12. Governing Law<\/strong><br \/>These Terms shall be governed by and interpreted in accordance with the laws of Canada and the province where Canada Gold operates.<\/p>\n<p><strong>13. Contact Information<\/strong><br \/>If you have any questions about these Terms, please contact us at <a href=\"mailto:wecanhelp@canadagold.ca\">wecanhelp@canadagold.ca<\/a> or visit one of our locations.<\/p>\n<p>By using this Site, you acknowledge that you have read and understood these Terms of Service and agree to be bound by them.<\/p>\n<p>&nbsp;<\/p>\n<p>[\/et_pb_text][\/et_pb_column][\/et_pb_row][\/et_pb_section]<\/p>\n","protected":false},"excerpt":{"rendered":"<p><span><span><a href=\"https:\/\/canadagold.ca\/\">Home<\/a><\/span><\/span>Effective Date: March 29, 2025 Welcome to the Canada Gold website. By accessing or using our website (the &#8220;Site&#8221;), you agree to be bound by the following Terms of Service (&#8220;Terms&#8221;). If you do not agree to these Terms, please do not use our Site. 1. General InformationCanada Gold provides pricing information for precious metals [&hellip;]<\/p>\n","protected":false},"author":1,"featured_media":0,"parent":0,"menu_order":0,"comment_status":"closed","ping_status":"closed","template":"","meta":{"_acf_changed":false,"_et_pb_use_builder":"on","_et_pb_old_content":"","_et_gb_content_width":"","footnotes":""},"class_list":["post-74082","page","type-page","status-publish","hentry"],"acf":[],"yoast_head":"<!-- This site is optimized with the Yoast SEO plugin v27.3 - https:\/\/yoast.com\/product\/yoast-seo-wordpress\/ -->\n<title>Terms and Conditions - Canada Gold<\/title>\n<meta name=\"description\" content=\"View our website terms and conditions. We never sell our user&#039;s data to any third party. Your visits to Canada Gold are safe and secure.\" \/>\n<meta name=\"robots\" content=\"index, follow, max-snippet:-1, max-image-preview:large, max-video-preview:-1\" \/>\n<link rel=\"canonical\" href=\"https:\/\/canadagold.ca\/fr\/terms-and-conditions\/\" \/>\n<meta property=\"og:locale\" content=\"fr_CA\" \/>\n<meta property=\"og:type\" content=\"article\" \/>\n<meta property=\"og:title\" content=\"Terms and Conditions - Canada Gold\" \/>\n<meta property=\"og:description\" content=\"View our website terms and conditions. We never sell our user&#039;s data to any third party. Your visits to Canada Gold are safe and secure.\" \/>\n<meta property=\"og:url\" content=\"https:\/\/canadagold.ca\/fr\/terms-and-conditions\/\" \/>\n<meta property=\"og:site_name\" content=\"Canada Gold\" \/>\n<meta property=\"article:publisher\" content=\"https:\/\/www.facebook.com\/CanadaGoldBBB\" \/>\n<meta property=\"article:modified_time\" content=\"2025-04-13T06:41:24+00:00\" \/>\n<meta name=\"twitter:card\" content=\"summary_large_image\" \/>\n<meta name=\"twitter:site\" content=\"@CanadaGoldBBB\" \/>\n<meta name=\"twitter:label1\" content=\"Estimation du temps de lecture\" \/>\n\t<meta name=\"twitter:data1\" content=\"3 minutes\" \/>\n<script type=\"application\/ld+json\" class=\"yoast-schema-graph\">{\"@context\":\"https:\\\/\\\/schema.org\",\"@graph\":[{\"@type\":\"WebPage\",\"@id\":\"https:\\\/\\\/canadagold.ca\\\/terms-and-conditions\\\/\",\"url\":\"https:\\\/\\\/canadagold.ca\\\/terms-and-conditions\\\/\",\"name\":\"Terms and Conditions - Canada Gold\",\"isPartOf\":{\"@id\":\"https:\\\/\\\/canadagold.ca\\\/#website\"},\"datePublished\":\"2025-03-28T18:06:56+00:00\",\"dateModified\":\"2025-04-13T06:41:24+00:00\",\"description\":\"View our website terms and conditions. We never sell our user's data to any third party. Your visits to Canada Gold are safe and secure.\",\"breadcrumb\":{\"@id\":\"https:\\\/\\\/canadagold.ca\\\/terms-and-conditions\\\/#breadcrumb\"},\"inLanguage\":\"fr-CA\",\"potentialAction\":[{\"@type\":\"ReadAction\",\"target\":[\"https:\\\/\\\/canadagold.ca\\\/terms-and-conditions\\\/\"]}]},{\"@type\":\"BreadcrumbList\",\"@id\":\"https:\\\/\\\/canadagold.ca\\\/terms-and-conditions\\\/#breadcrumb\",\"itemListElement\":[{\"@type\":\"ListItem\",\"position\":1,\"name\":\"Home\",\"item\":\"https:\\\/\\\/canadagold.ca\\\/\"},{\"@type\":\"ListItem\",\"position\":2,\"name\":\"Terms and Conditions\"}]},{\"@type\":\"WebSite\",\"@id\":\"https:\\\/\\\/canadagold.ca\\\/#website\",\"url\":\"https:\\\/\\\/canadagold.ca\\\/\",\"name\":\"Canada Gold\",\"description\":\"Canada Gold\",\"publisher\":{\"@id\":\"https:\\\/\\\/canadagold.ca\\\/#organization\"},\"potentialAction\":[{\"@type\":\"SearchAction\",\"target\":{\"@type\":\"EntryPoint\",\"urlTemplate\":\"https:\\\/\\\/canadagold.ca\\\/?s={search_term_string}\"},\"query-input\":{\"@type\":\"PropertyValueSpecification\",\"valueRequired\":true,\"valueName\":\"search_term_string\"}}],\"inLanguage\":\"fr-CA\"},{\"@type\":\"Organization\",\"@id\":\"https:\\\/\\\/canadagold.ca\\\/#organization\",\"name\":\"Canada Gold\",\"url\":\"https:\\\/\\\/canadagold.ca\\\/\",\"logo\":{\"@type\":\"ImageObject\",\"inLanguage\":\"fr-CA\",\"@id\":\"https:\\\/\\\/canadagold.ca\\\/#\\\/schema\\\/logo\\\/image\\\/\",\"url\":\"https:\\\/\\\/canadagold.ca\\\/wp-content\\\/uploads\\\/2025\\\/01\\\/cropped-favicon.png\",\"contentUrl\":\"https:\\\/\\\/canadagold.ca\\\/wp-content\\\/uploads\\\/2025\\\/01\\\/cropped-favicon.png\",\"width\":512,\"height\":512,\"caption\":\"Canada Gold\"},\"image\":{\"@id\":\"https:\\\/\\\/canadagold.ca\\\/#\\\/schema\\\/logo\\\/image\\\/\"},\"sameAs\":[\"https:\\\/\\\/www.facebook.com\\\/CanadaGoldBBB\",\"https:\\\/\\\/x.com\\\/CanadaGoldBBB\",\"https:\\\/\\\/www.instagram.com\\\/canadagold.ca\\\/\"]}]}<\/script>\n<!-- \/ Yoast SEO plugin. -->","yoast_head_json":{"title":"Conditions g\u00e9n\u00e9rales - Canada Gold","description":"Consultez les conditions g\u00e9n\u00e9rales de notre site web. Nous ne vendons jamais les donn\u00e9es de nos utilisateurs \u00e0 des tiers. Vos visites \u00e0 Canada Gold sont s\u00fbres et s\u00e9curis\u00e9es.","robots":{"index":"index","follow":"follow","max-snippet":"max-snippet:-1","max-image-preview":"max-image-preview:large","max-video-preview":"max-video-preview:-1"},"canonical":"https:\/\/canadagold.ca\/fr\/terms-and-conditions\/","og_locale":"fr_CA","og_type":"article","og_title":"Terms and Conditions - Canada Gold","og_description":"View our website terms and conditions. We never sell our user's data to any third party. Your visits to Canada Gold are safe and secure.","og_url":"https:\/\/canadagold.ca\/fr\/terms-and-conditions\/","og_site_name":"Canada Gold","article_publisher":"https:\/\/www.facebook.com\/CanadaGoldBBB","article_modified_time":"2025-04-13T06:41:24+00:00","twitter_card":"summary_large_image","twitter_site":"@CanadaGoldBBB","twitter_misc":{"Estimation du temps de lecture":"3 minutes"},"schema":{"@context":"https:\/\/schema.org","@graph":[{"@type":"WebPage","@id":"https:\/\/canadagold.ca\/terms-and-conditions\/","url":"https:\/\/canadagold.ca\/terms-and-conditions\/","name":"Conditions g\u00e9n\u00e9rales - Canada Gold","isPartOf":{"@id":"https:\/\/canadagold.ca\/#website"},"datePublished":"2025-03-28T18:06:56+00:00","dateModified":"2025-04-13T06:41:24+00:00","description":"Consultez les conditions g\u00e9n\u00e9rales de notre site web. Nous ne vendons jamais les donn\u00e9es de nos utilisateurs \u00e0 des tiers. Vos visites \u00e0 Canada Gold sont s\u00fbres et s\u00e9curis\u00e9es.","breadcrumb":{"@id":"https:\/\/canadagold.ca\/terms-and-conditions\/#breadcrumb"},"inLanguage":"fr-CA","potentialAction":[{"@type":"ReadAction","target":["https:\/\/canadagold.ca\/terms-and-conditions\/"]}]},{"@type":"BreadcrumbList","@id":"https:\/\/canadagold.ca\/terms-and-conditions\/#breadcrumb","itemListElement":[{"@type":"ListItem","position":1,"name":"Home","item":"https:\/\/canadagold.ca\/"},{"@type":"ListItem","position":2,"name":"Terms and Conditions"}]},{"@type":"WebSite","@id":"https:\/\/canadagold.ca\/#website","url":"https:\/\/canadagold.ca\/","name":"Or du Canada","description":"Or du Canada","publisher":{"@id":"https:\/\/canadagold.ca\/#organization"},"potentialAction":[{"@type":"SearchAction","target":{"@type":"EntryPoint","urlTemplate":"https:\/\/canadagold.ca\/?s={search_term_string}"},"query-input":{"@type":"PropertyValueSpecification","valueRequired":true,"valueName":"search_term_string"}}],"inLanguage":"fr-CA"},{"@type":"Organization","@id":"https:\/\/canadagold.ca\/#organization","name":"Or du Canada","url":"https:\/\/canadagold.ca\/","logo":{"@type":"ImageObject","inLanguage":"fr-CA","@id":"https:\/\/canadagold.ca\/#\/schema\/logo\/image\/","url":"https:\/\/canadagold.ca\/wp-content\/uploads\/2025\/01\/cropped-favicon.png","contentUrl":"https:\/\/canadagold.ca\/wp-content\/uploads\/2025\/01\/cropped-favicon.png","width":512,"height":512,"caption":"Canada Gold"},"image":{"@id":"https:\/\/canadagold.ca\/#\/schema\/logo\/image\/"},"sameAs":["https:\/\/www.facebook.com\/CanadaGoldBBB","https:\/\/x.com\/CanadaGoldBBB","https:\/\/www.instagram.com\/canadagold.ca\/"]}]}},"_links":{"self":[{"href":"https:\/\/canadagold.ca\/fr\/wp-json\/wp\/v2\/pages\/74082","targetHints":{"allow":["GET"]}}],"collection":[{"href":"https:\/\/canadagold.ca\/fr\/wp-json\/wp\/v2\/pages"}],"about":[{"href":"https:\/\/canadagold.ca\/fr\/wp-json\/wp\/v2\/types\/page"}],"author":[{"embeddable":true,"href":"https:\/\/canadagold.ca\/fr\/wp-json\/wp\/v2\/users\/1"}],"replies":[{"embeddable":true,"href":"https:\/\/canadagold.ca\/fr\/wp-json\/wp\/v2\/comments?post=74082"}],"version-history":[{"count":0,"href":"https:\/\/canadagold.ca\/fr\/wp-json\/wp\/v2\/pages\/74082\/revisions"}],"wp:attachment":[{"href":"https:\/\/canadagold.ca\/fr\/wp-json\/wp\/v2\/media?parent=74082"}],"curies":[{"name":"wp","href":"https:\/\/api.w.org\/{rel}","templated":true}]}}