{"id":74763,"date":"2025-06-23T11:19:26","date_gmt":"2025-06-23T15:19:26","guid":{"rendered":"https:\/\/canadagold.ca\/?page_id=74763"},"modified":"2026-02-10T14:07:53","modified_gmt":"2026-02-10T19:07:53","slug":"work-with-us","status":"publish","type":"page","link":"https:\/\/canadagold.ca\/fr\/about-canada-gold\/work-with-us\/","title":{"rendered":"Travailler avec nous"},"content":{"rendered":"<p>[et_pb_section fb_built=&#8221;1&#8243; custom_padding_last_edited=&#8221;on|desktop&#8221; _builder_version=&#8221;4.27.4&#8243; _module_preset=&#8221;default&#8221; background_color=&#8221;#032340&#8243; height_tablet=&#8221;&#8221; height_phone=&#8221;&#8221; height_last_edited=&#8221;on|desktop&#8221; custom_padding=&#8221;9px||4px||false|false&#8221; custom_padding_tablet=&#8221;9px||4px||false|false&#8221; custom_padding_phone=&#8221;9px||4px||false|false&#8221; border_color_bottom=&#8221;#D2AE74&#8243; global_colors_info=&#8221;{}&#8221;][et_pb_row make_equal=&#8221;on&#8221; _builder_version=&#8221;4.27.4&#8243; _module_preset=&#8221;default&#8221; custom_padding=&#8221;0px||0px||false|false&#8221; custom_css_main_element=&#8221;display:flex;&#8221; global_colors_info=&#8221;{}&#8221;][et_pb_column type=&#8221;4_4&#8243; _builder_version=&#8221;4.27.4&#8243; _module_preset=&#8221;default&#8221; custom_css_main_element=&#8221;display:flex;||flex-direction:column;||justify-content: center;&#8221; global_colors_info=&#8221;{}&#8221;][et_pb_text _builder_version=&#8221;4.27.4&#8243; _module_preset=&#8221;default&#8221; header_font=&#8221;&#8211;et_global_heading_font|||on|||||&#8221; header_text_align=&#8221;center&#8221; header_text_color=&#8221;#FFFFFF&#8221; header_font_size=&#8221;38px&#8221; height_tablet=&#8221;&#8221; height_phone=&#8221;&#8221; height_last_edited=&#8221;on|desktop&#8221; custom_margin=&#8221;0px||0px||false|false&#8221; custom_padding=&#8221;||||false|false&#8221; header_font_size_tablet=&#8221;30px&#8221; header_font_size_phone=&#8221;25px&#8221; header_font_size_last_edited=&#8221;on|desktop&#8221; custom_css_free_form=&#8221;h1 {||  font-weight:400;||}&#8221; global_colors_info=&#8221;{}&#8221;]<\/p>\n<h1 style=\"text-align: center;\">WORK WITH US<\/h1>\n<p>[\/et_pb_text][\/et_pb_column][\/et_pb_row][\/et_pb_section][et_pb_section fb_built=&#8221;1&#8243; admin_label=&#8221;Section&#8221; _builder_version=&#8221;4.27.4&#8243; _module_preset=&#8221;default&#8221; custom_margin=&#8221;||20px||false|false&#8221; custom_padding=&#8221;0px||0px||false|false&#8221; global_module=&#8221;151&#8243; saved_tabs=&#8221;all&#8221; locked=&#8221;off&#8221; collapsed=&#8221;off&#8221; global_colors_info=&#8221;{}&#8221;][et_pb_row _builder_version=&#8221;4.27.4&#8243; _module_preset=&#8221;default&#8221; max_width=&#8221;1280px&#8221; custom_padding=&#8221;20px||20px||true|false&#8221; global_colors_info=&#8221;{}&#8221;][et_pb_column type=&#8221;4_4&#8243; _builder_version=&#8221;4.27.4&#8243; _module_preset=&#8221;default&#8221; global_colors_info=&#8221;{}&#8221;][et_pb_text admin_label=&#8221;breadcrumbs&#8221; _builder_version=&#8221;4.27.4&#8243; _module_preset=&#8221;default&#8221; text_font=&#8221;|&#8211;et_global_body_font_weight||on|||||&#8221; text_text_color=&#8221;#0E3E63&#8243; text_font_size=&#8221;14px&#8221; link_font=&#8221;|||on|||||&#8221; link_text_color=&#8221;#000000&#8243; global_colors_info=&#8221;{}&#8221;]<\/p>\n<div data-plaintext=\"true\" data-pm-slice=\"1 1 [&quot;codeblock&quot;,{&quot;style&quot;:null,&quot;codeblock&quot;:true,&quot;textAlign&quot;:null,&quot;syntaxLanguage&quot;:null,&quot;lineWrapping&quot;:false}]\" data-en-clipboard=\"true\"><span><span><a href=\"https:\/\/canadagold.ca\/\">Home<\/a><\/span><\/span><\/div>\n<p>[\/et_pb_text][\/et_pb_column][\/et_pb_row][\/et_pb_section][et_pb_section fb_built=&#8221;1&#8243; _builder_version=&#8221;4.27.4&#8243; _module_preset=&#8221;default&#8221; custom_padding=&#8221;0px||||false|false&#8221; global_colors_info=&#8221;{}&#8221;][et_pb_row _builder_version=&#8221;4.27.4&#8243; _module_preset=&#8221;default&#8221; max_width=&#8221;1280px&#8221; custom_padding=&#8221;0px|0px||0px|false|false&#8221; global_colors_info=&#8221;{}&#8221;][et_pb_column type=&#8221;4_4&#8243; _builder_version=&#8221;4.27.4&#8243; _module_preset=&#8221;default&#8221; custom_padding=&#8221;|0px||0px|false|false&#8221; global_colors_info=&#8221;{}&#8221;][et_pb_text _builder_version=&#8221;4.27.4&#8243; _module_preset=&#8221;default&#8221; text_text_color=&#8221;#000000&#8243; link_font=&#8221;|600|||||||&#8221; header_2_font_size=&#8221;27px&#8221; header_3_line_height=&#8221;1.2em&#8221; custom_margin=&#8221;||50px||false|false&#8221; hover_enabled=&#8221;0&#8243; custom_css_free_form=&#8221;.selector h2 {||  margin-bottom: 20px;||}&#8221; global_colors_info=&#8221;{}&#8221; sticky_enabled=&#8221;0&#8243;]<\/p>\n<h2>Canada Gold is growing and we\u2019re looking for passionate, dedicated people to grow with us.<\/h2>\n<p>Join a team that\u2019s redefining how Canadians buy and sell gold. Canada Gold was founded to create a fair, honest and transparent experience for people selling their gold and precious metals. Today we\u2019re proud to be the country\u2019s most trusted name in the industry.<\/p>\n<p>With 18 secure and welcoming locations across Canada and the Pacific Northwest, we offer best price guarantees, expert appraisals and no-pressure service. Our team believes gold buying and selling should be accessible, ethical and rewarding for every customer every time.<\/p>\n<p>Explore our current job opportunities below and see where you fit in.<\/p>\n<p>[\/et_pb_text][et_pb_code module_id=&#8221;bamboo-embed&#8221; _builder_version=&#8221;4.27.4&#8243; _module_preset=&#8221;default&#8221; global_colors_info=&#8221;{}&#8221;]<\/p>\n<div id=\"BambooHR\" data-domain=\"canadagold.bamboohr.com\" data-version=\"1.0.0\" data-departmentId=\"\"><\/div>\n<p><script src=\"https:\/\/canadagold.bamboohr.com\/js\/embed.js\" type=\"text\/javascript\" async defer><\/script><!-- [et_pb_line_break_holder] --><!-- [et_pb_line_break_holder] --><script><!-- [et_pb_line_break_holder] -->document.addEventListener(\"DOMContentLoaded\", function() {<!-- [et_pb_line_break_holder] -->    setTimeout(function(){<!-- [et_pb_line_break_holder] -->        const links = document.querySelectorAll('#BambooHR a');<!-- [et_pb_line_break_holder] -->        links.forEach(function(link) {<!-- [et_pb_line_break_holder] -->            link.setAttribute('target', '_blank');<!-- [et_pb_line_break_holder] -->            link.setAttribute('rel', 'noopener noreferrer');<!-- [et_pb_line_break_holder] -->        });<!-- [et_pb_line_break_holder] -->    }, 1000); \/\/ Wait for BambooHR embed to load (adjust time if needed)<!-- [et_pb_line_break_holder] -->});<!-- [et_pb_line_break_holder] --><\/script><!-- [et_pb_line_break_holder] -->[\/et_pb_code][\/et_pb_column][\/et_pb_row][\/et_pb_section]<\/p>\n","protected":false},"excerpt":{"rendered":"<p>WORK WITH US<span><span><a href=\"https:\/\/canadagold.ca\/\">Home<\/a><\/span><\/span>Canada Gold is growing and we\u2019re looking for passionate, dedicated people to grow with us. Join a team that\u2019s redefining how Canadians buy and sell gold. Canada Gold was founded to create a fair, honest and transparent experience for people selling their gold and precious metals. Today we\u2019re proud to be the country\u2019s [&hellip;]<\/p>\n","protected":false},"author":1,"featured_media":0,"parent":71853,"menu_order":0,"comment_status":"closed","ping_status":"closed","template":"","meta":{"_acf_changed":false,"_et_pb_use_builder":"on","_et_pb_old_content":"","_et_gb_content_width":"","footnotes":""},"class_list":["post-74763","page","type-page","status-publish","hentry"],"acf":[],"yoast_head":"<!-- This site is optimized with the Yoast SEO plugin v27.3 - https:\/\/yoast.com\/product\/yoast-seo-wordpress\/ -->\n<title>Work with Canada Gold<\/title>\n<meta name=\"description\" content=\"Canada Gold is growing and looking for passionate, dedicated people to grow with us\" \/>\n<meta name=\"robots\" content=\"index, follow, max-snippet:-1, max-image-preview:large, max-video-preview:-1\" \/>\n<link rel=\"canonical\" href=\"https:\/\/canadagold.ca\/fr\/about-canada-gold\/work-with-us\/\" \/>\n<meta property=\"og:locale\" content=\"fr_CA\" \/>\n<meta property=\"og:type\" content=\"article\" \/>\n<meta property=\"og:title\" content=\"Work with Canada Gold\" \/>\n<meta property=\"og:description\" content=\"Canada Gold is growing and looking for passionate, dedicated people to grow with us\" \/>\n<meta property=\"og:url\" content=\"https:\/\/canadagold.ca\/fr\/about-canada-gold\/work-with-us\/\" \/>\n<meta property=\"og:site_name\" content=\"Canada Gold\" \/>\n<meta property=\"article:publisher\" content=\"https:\/\/www.facebook.com\/CanadaGoldBBB\" \/>\n<meta property=\"article:modified_time\" content=\"2026-02-10T19:07:53+00:00\" \/>\n<meta name=\"twitter:card\" content=\"summary_large_image\" \/>\n<meta name=\"twitter:site\" content=\"@CanadaGoldBBB\" \/>\n<meta name=\"twitter:label1\" content=\"Estimation du temps de lecture\" \/>\n\t<meta name=\"twitter:data1\" content=\"1 minute\" \/>\n<script type=\"application\/ld+json\" class=\"yoast-schema-graph\">{\"@context\":\"https:\\\/\\\/schema.org\",\"@graph\":[{\"@type\":\"WebPage\",\"@id\":\"https:\\\/\\\/canadagold.ca\\\/about-canada-gold\\\/work-with-us\\\/\",\"url\":\"https:\\\/\\\/canadagold.ca\\\/about-canada-gold\\\/work-with-us\\\/\",\"name\":\"Work with Canada Gold\",\"isPartOf\":{\"@id\":\"https:\\\/\\\/canadagold.ca\\\/#website\"},\"datePublished\":\"2025-06-23T15:19:26+00:00\",\"dateModified\":\"2026-02-10T19:07:53+00:00\",\"description\":\"Canada Gold is growing and looking for passionate, dedicated people to grow with us\",\"breadcrumb\":{\"@id\":\"https:\\\/\\\/canadagold.ca\\\/about-canada-gold\\\/work-with-us\\\/#breadcrumb\"},\"inLanguage\":\"fr-CA\",\"potentialAction\":[{\"@type\":\"ReadAction\",\"target\":[\"https:\\\/\\\/canadagold.ca\\\/about-canada-gold\\\/work-with-us\\\/\"]}]},{\"@type\":\"BreadcrumbList\",\"@id\":\"https:\\\/\\\/canadagold.ca\\\/about-canada-gold\\\/work-with-us\\\/#breadcrumb\",\"itemListElement\":[{\"@type\":\"ListItem\",\"position\":1,\"name\":\"Home\",\"item\":\"https:\\\/\\\/canadagold.ca\\\/\"},{\"@type\":\"ListItem\",\"position\":2,\"name\":\"About Canada Gold\",\"item\":\"https:\\\/\\\/canadagold.ca\\\/about-canada-gold\\\/\"},{\"@type\":\"ListItem\",\"position\":3,\"name\":\"Work with Us\"}]},{\"@type\":\"WebSite\",\"@id\":\"https:\\\/\\\/canadagold.ca\\\/#website\",\"url\":\"https:\\\/\\\/canadagold.ca\\\/\",\"name\":\"Canada Gold\",\"description\":\"Canada Gold\",\"publisher\":{\"@id\":\"https:\\\/\\\/canadagold.ca\\\/#organization\"},\"potentialAction\":[{\"@type\":\"SearchAction\",\"target\":{\"@type\":\"EntryPoint\",\"urlTemplate\":\"https:\\\/\\\/canadagold.ca\\\/?s={search_term_string}\"},\"query-input\":{\"@type\":\"PropertyValueSpecification\",\"valueRequired\":true,\"valueName\":\"search_term_string\"}}],\"inLanguage\":\"fr-CA\"},{\"@type\":\"Organization\",\"@id\":\"https:\\\/\\\/canadagold.ca\\\/#organization\",\"name\":\"Canada Gold\",\"url\":\"https:\\\/\\\/canadagold.ca\\\/\",\"logo\":{\"@type\":\"ImageObject\",\"inLanguage\":\"fr-CA\",\"@id\":\"https:\\\/\\\/canadagold.ca\\\/#\\\/schema\\\/logo\\\/image\\\/\",\"url\":\"https:\\\/\\\/canadagold.ca\\\/wp-content\\\/uploads\\\/2025\\\/01\\\/cropped-favicon.png\",\"contentUrl\":\"https:\\\/\\\/canadagold.ca\\\/wp-content\\\/uploads\\\/2025\\\/01\\\/cropped-favicon.png\",\"width\":512,\"height\":512,\"caption\":\"Canada Gold\"},\"image\":{\"@id\":\"https:\\\/\\\/canadagold.ca\\\/#\\\/schema\\\/logo\\\/image\\\/\"},\"sameAs\":[\"https:\\\/\\\/www.facebook.com\\\/CanadaGoldBBB\",\"https:\\\/\\\/x.com\\\/CanadaGoldBBB\",\"https:\\\/\\\/www.instagram.com\\\/canadagold.ca\\\/\"]}]}<\/script>\n<!-- \/ Yoast SEO plugin. -->","yoast_head_json":{"title":"Travailler avec Canada Gold","description":"Canada Gold est en pleine croissance et recherche des personnes passionn\u00e9es et d\u00e9vou\u00e9es pour grandir avec nous.","robots":{"index":"index","follow":"follow","max-snippet":"max-snippet:-1","max-image-preview":"max-image-preview:large","max-video-preview":"max-video-preview:-1"},"canonical":"https:\/\/canadagold.ca\/fr\/about-canada-gold\/work-with-us\/","og_locale":"fr_CA","og_type":"article","og_title":"Work with Canada Gold","og_description":"Canada Gold is growing and looking for passionate, dedicated people to grow with us","og_url":"https:\/\/canadagold.ca\/fr\/about-canada-gold\/work-with-us\/","og_site_name":"Canada Gold","article_publisher":"https:\/\/www.facebook.com\/CanadaGoldBBB","article_modified_time":"2026-02-10T19:07:53+00:00","twitter_card":"summary_large_image","twitter_site":"@CanadaGoldBBB","twitter_misc":{"Estimation du temps de lecture":"1 minute"},"schema":{"@context":"https:\/\/schema.org","@graph":[{"@type":"WebPage","@id":"https:\/\/canadagold.ca\/about-canada-gold\/work-with-us\/","url":"https:\/\/canadagold.ca\/about-canada-gold\/work-with-us\/","name":"Travailler avec Canada Gold","isPartOf":{"@id":"https:\/\/canadagold.ca\/#website"},"datePublished":"2025-06-23T15:19:26+00:00","dateModified":"2026-02-10T19:07:53+00:00","description":"Canada Gold est en pleine croissance et recherche des personnes passionn\u00e9es et d\u00e9vou\u00e9es pour grandir avec nous.","breadcrumb":{"@id":"https:\/\/canadagold.ca\/about-canada-gold\/work-with-us\/#breadcrumb"},"inLanguage":"fr-CA","potentialAction":[{"@type":"ReadAction","target":["https:\/\/canadagold.ca\/about-canada-gold\/work-with-us\/"]}]},{"@type":"BreadcrumbList","@id":"https:\/\/canadagold.ca\/about-canada-gold\/work-with-us\/#breadcrumb","itemListElement":[{"@type":"ListItem","position":1,"name":"Home","item":"https:\/\/canadagold.ca\/"},{"@type":"ListItem","position":2,"name":"About Canada Gold","item":"https:\/\/canadagold.ca\/about-canada-gold\/"},{"@type":"ListItem","position":3,"name":"Work with Us"}]},{"@type":"WebSite","@id":"https:\/\/canadagold.ca\/#website","url":"https:\/\/canadagold.ca\/","name":"Or du Canada","description":"Or du Canada","publisher":{"@id":"https:\/\/canadagold.ca\/#organization"},"potentialAction":[{"@type":"SearchAction","target":{"@type":"EntryPoint","urlTemplate":"https:\/\/canadagold.ca\/?s={search_term_string}"},"query-input":{"@type":"PropertyValueSpecification","valueRequired":true,"valueName":"search_term_string"}}],"inLanguage":"fr-CA"},{"@type":"Organization","@id":"https:\/\/canadagold.ca\/#organization","name":"Or du Canada","url":"https:\/\/canadagold.ca\/","logo":{"@type":"ImageObject","inLanguage":"fr-CA","@id":"https:\/\/canadagold.ca\/#\/schema\/logo\/image\/","url":"https:\/\/canadagold.ca\/wp-content\/uploads\/2025\/01\/cropped-favicon.png","contentUrl":"https:\/\/canadagold.ca\/wp-content\/uploads\/2025\/01\/cropped-favicon.png","width":512,"height":512,"caption":"Canada Gold"},"image":{"@id":"https:\/\/canadagold.ca\/#\/schema\/logo\/image\/"},"sameAs":["https:\/\/www.facebook.com\/CanadaGoldBBB","https:\/\/x.com\/CanadaGoldBBB","https:\/\/www.instagram.com\/canadagold.ca\/"]}]}},"_links":{"self":[{"href":"https:\/\/canadagold.ca\/fr\/wp-json\/wp\/v2\/pages\/74763","targetHints":{"allow":["GET"]}}],"collection":[{"href":"https:\/\/canadagold.ca\/fr\/wp-json\/wp\/v2\/pages"}],"about":[{"href":"https:\/\/canadagold.ca\/fr\/wp-json\/wp\/v2\/types\/page"}],"author":[{"embeddable":true,"href":"https:\/\/canadagold.ca\/fr\/wp-json\/wp\/v2\/users\/1"}],"replies":[{"embeddable":true,"href":"https:\/\/canadagold.ca\/fr\/wp-json\/wp\/v2\/comments?post=74763"}],"version-history":[{"count":0,"href":"https:\/\/canadagold.ca\/fr\/wp-json\/wp\/v2\/pages\/74763\/revisions"}],"up":[{"embeddable":true,"href":"https:\/\/canadagold.ca\/fr\/wp-json\/wp\/v2\/pages\/71853"}],"wp:attachment":[{"href":"https:\/\/canadagold.ca\/fr\/wp-json\/wp\/v2\/media?parent=74763"}],"curies":[{"name":"wp","href":"https:\/\/api.w.org\/{rel}","templated":true}]}}